{"id":30,"date":"2020-06-25T08:27:26","date_gmt":"2020-06-25T06:27:26","guid":{"rendered":"http:\/\/acdc-asbl.org\/?page_id=30"},"modified":"2022-04-11T11:34:07","modified_gmt":"2022-04-11T09:34:07","slug":"ueber-uns","status":"publish","type":"page","link":"https:\/\/acdc-asbl.org\/en\/ueber-uns\/","title":{"rendered":"\u00dcber uns"},"content":{"rendered":"\n<p>Wir sind <\/p>\n\n\n\n<p>ein christlicher Verein f\u00fcr gemeinschaftliche Entwicklung<\/p>\n\n\n\n<p>Eingetragene, ehrenamtliche und gemeinn\u00fctzige Organisation<\/p>\n\n\n\n<p>Gr\u00fcndung 02.11.2016; 65 Mitglieder; Genehmigung vom nationalen Justizministerium seit 2017;&nbsp;<\/p>\n\n\n\n<p>Unterst\u00fctzt&nbsp;von Bischof&nbsp;Bulamatari<br>(siehe Brief vom 03.10.2019)<\/p>\n\n\n\n<figure class=\"wp-block-gallery columns-3 is-cropped wp-block-gallery-1 is-layout-flex wp-block-gallery-is-layout-flex\"><ul class=\"blocks-gallery-grid\"><li class=\"blocks-gallery-item\"><figure><img loading=\"lazy\" decoding=\"async\" width=\"1024\" height=\"413\" src=\"http:\/\/acdc-asbl.org\/wp-content\/uploads\/2020\/06\/PHOTO-2019-11-13-13-51-11-1024x413.jpg\" alt=\"\" data-id=\"67\" data-full-url=\"http:\/\/acdc-asbl.org\/wp-content\/uploads\/2020\/06\/PHOTO-2019-11-13-13-51-11.jpg\" data-link=\"http:\/\/acdc-asbl.org\/ueber-uns\/photo-2019-11-13-13-51-11\/\" class=\"wp-image-67\" srcset=\"https:\/\/acdc-asbl.org\/wp-content\/uploads\/2020\/06\/PHOTO-2019-11-13-13-51-11-1024x413.jpg 1024w, https:\/\/acdc-asbl.org\/wp-content\/uploads\/2020\/06\/PHOTO-2019-11-13-13-51-11-300x121.jpg 300w, https:\/\/acdc-asbl.org\/wp-content\/uploads\/2020\/06\/PHOTO-2019-11-13-13-51-11-768x310.jpg 768w, https:\/\/acdc-asbl.org\/wp-content\/uploads\/2020\/06\/PHOTO-2019-11-13-13-51-11-1536x619.jpg 1536w, https:\/\/acdc-asbl.org\/wp-content\/uploads\/2020\/06\/PHOTO-2019-11-13-13-51-11-640x258.jpg 640w, https:\/\/acdc-asbl.org\/wp-content\/uploads\/2020\/06\/PHOTO-2019-11-13-13-51-11.jpg 1600w\" sizes=\"(max-width: 1024px) 100vw, 1024px\" \/><\/figure><\/li><li class=\"blocks-gallery-item\"><figure><img loading=\"lazy\" decoding=\"async\" width=\"1024\" height=\"579\" src=\"http:\/\/acdc-asbl.org\/wp-content\/uploads\/2020\/06\/PHOTO-2019-11-13-13-52-00-1024x579.jpg\" alt=\"\" data-id=\"68\" data-full-url=\"http:\/\/acdc-asbl.org\/wp-content\/uploads\/2020\/06\/PHOTO-2019-11-13-13-52-00.jpg\" data-link=\"http:\/\/acdc-asbl.org\/ueber-uns\/photo-2019-11-13-13-52-00\/\" class=\"wp-image-68\" srcset=\"https:\/\/acdc-asbl.org\/wp-content\/uploads\/2020\/06\/PHOTO-2019-11-13-13-52-00-1024x579.jpg 1024w, https:\/\/acdc-asbl.org\/wp-content\/uploads\/2020\/06\/PHOTO-2019-11-13-13-52-00-300x170.jpg 300w, https:\/\/acdc-asbl.org\/wp-content\/uploads\/2020\/06\/PHOTO-2019-11-13-13-52-00-768x434.jpg 768w, https:\/\/acdc-asbl.org\/wp-content\/uploads\/2020\/06\/PHOTO-2019-11-13-13-52-00-1536x869.jpg 1536w, https:\/\/acdc-asbl.org\/wp-content\/uploads\/2020\/06\/PHOTO-2019-11-13-13-52-00-640x362.jpg 640w, https:\/\/acdc-asbl.org\/wp-content\/uploads\/2020\/06\/PHOTO-2019-11-13-13-52-00.jpg 1600w\" sizes=\"(max-width: 1024px) 100vw, 1024px\" \/><\/figure><\/li><li class=\"blocks-gallery-item\"><figure><img loading=\"lazy\" decoding=\"async\" width=\"1024\" height=\"318\" src=\"http:\/\/acdc-asbl.org\/wp-content\/uploads\/2020\/06\/PHOTO-2019-11-13-13-53-19-1024x318.jpg\" alt=\"\" data-id=\"69\" data-full-url=\"http:\/\/acdc-asbl.org\/wp-content\/uploads\/2020\/06\/PHOTO-2019-11-13-13-53-19.jpg\" data-link=\"http:\/\/acdc-asbl.org\/ueber-uns\/photo-2019-11-13-13-53-19\/\" class=\"wp-image-69\" srcset=\"https:\/\/acdc-asbl.org\/wp-content\/uploads\/2020\/06\/PHOTO-2019-11-13-13-53-19-1024x318.jpg 1024w, https:\/\/acdc-asbl.org\/wp-content\/uploads\/2020\/06\/PHOTO-2019-11-13-13-53-19-300x93.jpg 300w, https:\/\/acdc-asbl.org\/wp-content\/uploads\/2020\/06\/PHOTO-2019-11-13-13-53-19-768x239.jpg 768w, https:\/\/acdc-asbl.org\/wp-content\/uploads\/2020\/06\/PHOTO-2019-11-13-13-53-19-1536x477.jpg 1536w, https:\/\/acdc-asbl.org\/wp-content\/uploads\/2020\/06\/PHOTO-2019-11-13-13-53-19-640x199.jpg 640w, https:\/\/acdc-asbl.org\/wp-content\/uploads\/2020\/06\/PHOTO-2019-11-13-13-53-19.jpg 1600w\" sizes=\"(max-width: 1024px) 100vw, 1024px\" \/><\/figure><\/li><li class=\"blocks-gallery-item\"><figure><img loading=\"lazy\" decoding=\"async\" width=\"439\" height=\"411\" src=\"http:\/\/acdc-asbl.org\/wp-content\/uploads\/2020\/06\/PHOTO-2019-12-12-16-34-31_2-1.jpg\" alt=\"\" data-id=\"70\" data-full-url=\"http:\/\/acdc-asbl.org\/wp-content\/uploads\/2020\/06\/PHOTO-2019-12-12-16-34-31_2-1.jpg\" data-link=\"http:\/\/acdc-asbl.org\/ueber-uns\/photo-2019-12-12-16-34-31_2-1\/\" class=\"wp-image-70\" srcset=\"https:\/\/acdc-asbl.org\/wp-content\/uploads\/2020\/06\/PHOTO-2019-12-12-16-34-31_2-1.jpg 439w, https:\/\/acdc-asbl.org\/wp-content\/uploads\/2020\/06\/PHOTO-2019-12-12-16-34-31_2-1-300x281.jpg 300w\" sizes=\"(max-width: 439px) 100vw, 439px\" \/><\/figure><\/li><\/ul><\/figure>\n\n\n\n<h1 class=\"wp-block-heading\">Der Verein<\/h1>\n\n\n\n<p>\u2022Haupt-\/Mitgliederversammlung<\/p>\n\n\n\n<p>\u2022Verwaltungsrat<\/p>\n\n\n\n<p>\u2022Vorstand<\/p>\n\n\n\n<h4 class=\"wp-block-heading\"><strong>Leitungskomitee<\/strong><\/h4>\n\n\n\n<p>\u2022Gr\u00fcndungsmitglieder<\/p>\n\n\n\n<p>Zwei Ebenen: Nationale Ebene (in Kinshasa) + regionale Ebene (Hauptsitzt in&nbsp;Yakoma)<\/p>\n\n\n\n<p>Leitungskomitee<\/p>\n\n\n\n<p>\u2022Exekutiver Direktor\/Vorsitzender<\/p>\n\n\n\n<p>\u2022Schriftf\u00fchrer\u2022Schatzmeister<\/p>\n\n\n\n<p>\u20225 weitere Mitglieder\/Beisitzer<\/p>\n\n\n\n<h4 class=\"wp-block-heading\"><strong>Schatzmeister<\/strong><\/h4>\n\n\n\n<p>\u2022Verantwortlich gegen\u00fcber Verwaltungsrat<\/p>\n\n\n\n<p>\u2022Erarbeitet Rechenschaftsbericht f\u00fcr Verwaltungsrat und f\u00fcr Mitgliederversammlung<\/p>\n\n\n\n<p>\u2022Im Auftrag vom Verwaltungsrat wird zus\u00e4tzlich ein Pr\u00fcfer eingesetzt\u2022Regelung: Nur Vorsitzender (Jean-R\u00e9my&nbsp;KokayaDalo) + Schatzmeister k\u00f6nnen gegen Unterschrift Geld erhalten und verwalten.<\/p>\n\n\n\n<h4 class=\"wp-block-heading\">Finanzielle Situation<\/h4>\n\n\n\n<p>\u2022Mitgliedsbeitr\u00e4ge<\/p>\n\n\n\n<p>\u2022Spenden<\/p>\n\n\n\n<p>\u2022Grundst\u00fccke (600qm)<\/p>\n\n\n\n<p>\u2022Aktionen<\/p>\n","protected":false},"excerpt":{"rendered":"<p>Wir sind ein christlicher Verein f\u00fcr gemeinschaftliche Entwicklung Eingetragene, ehrenamtliche und gemeinn\u00fctzige Organisation Gr\u00fcndung 02.11.2016; 65 Mitglieder; Genehmigung vom nationalen Justizministerium seit 2017;&nbsp; Unterst\u00fctzt&nbsp;von Bischof&nbsp;Bulamatari(siehe Brief vom 03.10.2019) Der Verein \u2022Haupt-\/Mitgliederversammlung \u2022Verwaltungsrat \u2022Vorstand Leitungskomitee \u2022Gr\u00fcndungsmitglieder Zwei Ebenen: Nationale&#8230; <a class=\"read-more\" href=\"https:\/\/acdc-asbl.org\/en\/ueber-uns\/\">Read More<\/a><\/p>\n","protected":false},"author":1,"featured_media":0,"parent":0,"menu_order":0,"comment_status":"closed","ping_status":"closed","template":"","meta":{"footnotes":""},"class_list":["post-30","page","type-page","status-publish","hentry","no-comments"],"translation":{"provider":"WPGlobus","version":"3.0.0","language":"en","enabled_languages":["de","fr","en"],"languages":{"de":{"title":false,"content":true,"excerpt":false},"fr":{"title":true,"content":true,"excerpt":false},"en":{"title":true,"content":true,"excerpt":false}}},"_links":{"self":[{"href":"https:\/\/acdc-asbl.org\/en\/wp-json\/wp\/v2\/pages\/30"}],"collection":[{"href":"https:\/\/acdc-asbl.org\/en\/wp-json\/wp\/v2\/pages"}],"about":[{"href":"https:\/\/acdc-asbl.org\/en\/wp-json\/wp\/v2\/types\/page"}],"author":[{"embeddable":true,"href":"https:\/\/acdc-asbl.org\/en\/wp-json\/wp\/v2\/users\/1"}],"replies":[{"embeddable":true,"href":"https:\/\/acdc-asbl.org\/en\/wp-json\/wp\/v2\/comments?post=30"}],"version-history":[{"count":12,"href":"https:\/\/acdc-asbl.org\/en\/wp-json\/wp\/v2\/pages\/30\/revisions"}],"predecessor-version":[{"id":376,"href":"https:\/\/acdc-asbl.org\/en\/wp-json\/wp\/v2\/pages\/30\/revisions\/376"}],"wp:attachment":[{"href":"https:\/\/acdc-asbl.org\/en\/wp-json\/wp\/v2\/media?parent=30"}],"curies":[{"name":"wp","href":"https:\/\/api.w.org\/{rel}","templated":true}]}}