{"id":40,"date":"2020-06-25T08:27:26","date_gmt":"2020-06-25T06:27:26","guid":{"rendered":"http:\/\/acdc-asbl.org\/?page_id=40"},"modified":"2022-05-04T11:43:01","modified_gmt":"2022-05-04T09:43:01","slug":"unsere-mission","status":"publish","type":"page","link":"https:\/\/acdc-asbl.org\/en\/unsere-mission\/","title":{"rendered":"Our Mission"},"content":{"rendered":"\n<p>\u00a0<\/p>\n\n\n\n<p>Les \u00e9l\u00e9ments du cadre de r\u00e9f\u00e9rence de l\u2019ACDC sont red\u00e9finis de la mani\u00e8re suivante :&nbsp;<\/p>\n\n\n\n<p><strong><em>3.1. Vision de l\u2019ACDC&nbsp;<\/em><\/strong><\/p>\n\n\n\n<p>Une soci\u00e9t\u00e9 o\u00f9 les communaut\u00e9s locales jouissent des conditions de vie am\u00e9lior\u00e9es et sont responsables de leur propre d\u00e9veloppement.&nbsp;<\/p>\n\n\n\n<p><strong><em>3.2. Mission de l\u2019ACDC&nbsp;<\/em><\/strong><\/p>\n\n\n\n<p>La <strong>mission <\/strong>de l\u2019ACDC est de lutter contre la pauvret\u00e9 dans tous ses aspects par la promotion de la Foi Chr\u00e9tienne, fond\u00e9e sur les actions sociales dans les milieux communautaires.&nbsp;<\/p>\n\n\n\n<p><strong><em>3.3. Valeurs et principes\u00a0<\/em><\/strong><\/p>\n\n\n\n<figure class=\"wp-block-table\"><table><tbody><tr><td>Pour r\u00e9aliser sa mission, ACDC pr\u00f4ne certaines valeurs que les membres sont appel\u00e9s \u00e0 partager en interne, mais aussi v\u00e9hiculer \u00e0 l&#8217;ext\u00e9rieur de l&#8217;organisation aupr\u00e8s de ses partenaires et b\u00e9n\u00e9ficiaires.&nbsp;<\/td><\/tr><\/tbody><\/table><\/figure>\n\n\n\n<figure class=\"wp-block-table is-style-regular\"><table><tbody><tr><td>Foi dans les oeuvres\u00a0<br><\/td><td><em>Les membres sont invit\u00e9s \u00e0 cultiver les principes des actions concr\u00e8tes, tout en professant la Foi, car les \u00e9critures renseignent que la Foi sans les oeuvres est une Foi qui est morte, qui ne peut sauver. (Jacques 2.14-26). C\u2019est par les oeuvres que la foi sera men\u00e9e \u00e0 perfection.&nbsp;<\/em> <em>L\u2019ACDC, \u00e0 travers ses actions, s\u2019emploie \u00e0 promouvoir et \u00e0 compl\u00e9ter l\u2019oeuvre \u00e9vang\u00e9lisatrice.&nbsp;<\/em><\/td><\/tr><tr><td><br>Solidarit\u00e9\u00a0<br><\/td><td><em>Participer \u00e0 la construction d\u2019une soci\u00e9t\u00e9 \u00e9quitable, tol\u00e9rante et solidaire.&nbsp;<\/em><\/td><\/tr><tr><td><br>Tol\u00e9rance\u00a0<br><\/td><td><em>L\u2019accueil, sans distinction de sexe, d\u2019origine, d\u2019appartenance religieuse ou politique.&nbsp;<\/em><\/td><\/tr><tr><td><br>Transparence et redevabilit\u00e9\u00a0<br><\/td><td><em>La pratique de la transparence et la redevabilit\u00e9 comme le moyen \u00e0 la fois de gagner la confiance du public et d\u2019asseoir sa cr\u00e9dibilit\u00e9 et sa l\u00e9gitimit\u00e9.\u00a0<\/em><\/td><\/tr><tr><td><br>Autonomie\u00a0<br><\/td><td><em>La valorisation de la personne comme acteur de son propre d\u00e9veloppement.&nbsp;<\/em><\/td><\/tr><\/tbody><\/table><\/figure>\n\n\n\n<p><\/p>\n","protected":false},"excerpt":{"rendered":"<p>\u00a0 Les \u00e9l\u00e9ments du cadre de r\u00e9f\u00e9rence de l\u2019ACDC sont red\u00e9finis de la mani\u00e8re suivante :&nbsp; 3.1. Vision de l\u2019ACDC&nbsp; Une soci\u00e9t\u00e9 o\u00f9 les communaut\u00e9s locales jouissent des conditions de vie am\u00e9lior\u00e9es et sont responsables de leur propre&#8230; <a class=\"read-more\" href=\"https:\/\/acdc-asbl.org\/en\/unsere-mission\/\">Read More<\/a><\/p>\n","protected":false},"author":1,"featured_media":0,"parent":0,"menu_order":0,"comment_status":"closed","ping_status":"closed","template":"","meta":{"footnotes":""},"class_list":["post-40","page","type-page","status-publish","hentry","no-comments"],"translation":{"provider":"WPGlobus","version":"3.0.0","language":"en","enabled_languages":["de","fr","en"],"languages":{"de":{"title":true,"content":true,"excerpt":false},"fr":{"title":true,"content":true,"excerpt":false},"en":{"title":true,"content":true,"excerpt":false}}},"_links":{"self":[{"href":"https:\/\/acdc-asbl.org\/en\/wp-json\/wp\/v2\/pages\/40"}],"collection":[{"href":"https:\/\/acdc-asbl.org\/en\/wp-json\/wp\/v2\/pages"}],"about":[{"href":"https:\/\/acdc-asbl.org\/en\/wp-json\/wp\/v2\/types\/page"}],"author":[{"embeddable":true,"href":"https:\/\/acdc-asbl.org\/en\/wp-json\/wp\/v2\/users\/1"}],"replies":[{"embeddable":true,"href":"https:\/\/acdc-asbl.org\/en\/wp-json\/wp\/v2\/comments?post=40"}],"version-history":[{"count":18,"href":"https:\/\/acdc-asbl.org\/en\/wp-json\/wp\/v2\/pages\/40\/revisions"}],"predecessor-version":[{"id":477,"href":"https:\/\/acdc-asbl.org\/en\/wp-json\/wp\/v2\/pages\/40\/revisions\/477"}],"wp:attachment":[{"href":"https:\/\/acdc-asbl.org\/en\/wp-json\/wp\/v2\/media?parent=40"}],"curies":[{"name":"wp","href":"https:\/\/api.w.org\/{rel}","templated":true}]}}