{"id":585,"date":"2022-12-16T15:02:43","date_gmt":"2022-12-16T14:02:43","guid":{"rendered":"https:\/\/acdc-asbl.org\/?page_id=585"},"modified":"2023-03-24T16:11:59","modified_gmt":"2023-03-24T15:11:59","slug":"bildung-ist-die-nachhaltigste-entwicklungshilfe-bildung-schafft-frieden","status":"publish","type":"page","link":"https:\/\/acdc-asbl.org\/en\/bildung-ist-die-nachhaltigste-entwicklungshilfe-bildung-schafft-frieden\/","title":{"rendered":"Bildung ist die nachhaltigste Entwicklungshilfe! Bildung schafft Frieden!"},"content":{"rendered":"\n<div class=\"wp-block-columns is-layout-flex wp-container-core-columns-is-layout-1 wp-block-columns-is-layout-flex\">\n<div class=\"wp-block-column is-layout-flow wp-block-column-is-layout-flow\">\n<h2 class=\"has-text-align-center wp-block-heading\">Schulbildung <\/h2>\n\n\n\n<p>ACDC setzt den Bau der Grundschule Kpubu in Taragini um, welcher 2019 begonnen. Ende 2022 entsteht nun das 4. und letzte Geb\u00e4ude. N\u00e4here Informationen finden Sie auf der Website \u00fcber das Schulprojekt. <\/p>\n\n\n\n<figure class=\"wp-block-gallery has-nested-images columns-default is-cropped wp-block-gallery-1 is-layout-flex wp-block-gallery-is-layout-flex\">\n<figure class=\"wp-block-image size-large\"><img loading=\"lazy\" decoding=\"async\" width=\"640\" height=\"248\" src=\"https:\/\/acdc-asbl.org\/wp-content\/uploads\/2020\/07\/cropped-Unknown-1.jpeg\" alt=\"\" class=\"wp-image-90\" srcset=\"https:\/\/acdc-asbl.org\/wp-content\/uploads\/2020\/07\/cropped-Unknown-1.jpeg 640w, https:\/\/acdc-asbl.org\/wp-content\/uploads\/2020\/07\/cropped-Unknown-1-300x116.jpeg 300w\" sizes=\"(max-width: 640px) 100vw, 640px\" \/><\/figure>\n\n\n\n<figure class=\"wp-block-image size-large\"><img loading=\"lazy\" decoding=\"async\" width=\"640\" height=\"480\" src=\"https:\/\/acdc-asbl.org\/wp-content\/uploads\/2020\/07\/Unknown.jpeg\" alt=\"\" class=\"wp-image-89\" srcset=\"https:\/\/acdc-asbl.org\/wp-content\/uploads\/2020\/07\/Unknown.jpeg 640w, https:\/\/acdc-asbl.org\/wp-content\/uploads\/2020\/07\/Unknown-300x225.jpeg 300w\" sizes=\"(max-width: 640px) 100vw, 640px\" \/><\/figure>\n\n\n\n<figure class=\"wp-block-image size-large\"><img loading=\"lazy\" decoding=\"async\" width=\"576\" height=\"1024\" src=\"https:\/\/acdc-asbl.org\/wp-content\/uploads\/2021\/05\/PHOTO-2021-02-13-08-30-24-576x1024.jpg\" alt=\"\" class=\"wp-image-187\" srcset=\"https:\/\/acdc-asbl.org\/wp-content\/uploads\/2021\/05\/PHOTO-2021-02-13-08-30-24-576x1024.jpg 576w, https:\/\/acdc-asbl.org\/wp-content\/uploads\/2021\/05\/PHOTO-2021-02-13-08-30-24-169x300.jpg 169w, https:\/\/acdc-asbl.org\/wp-content\/uploads\/2021\/05\/PHOTO-2021-02-13-08-30-24-360x640.jpg 360w, https:\/\/acdc-asbl.org\/wp-content\/uploads\/2021\/05\/PHOTO-2021-02-13-08-30-24.jpg 607w\" sizes=\"(max-width: 576px) 100vw, 576px\" \/><\/figure>\n\n\n\n<figure class=\"wp-block-image size-large\"><img loading=\"lazy\" decoding=\"async\" width=\"576\" height=\"1024\" src=\"https:\/\/acdc-asbl.org\/wp-content\/uploads\/2021\/05\/PHOTO-2021-02-13-05-57-57-576x1024.jpg\" alt=\"\" class=\"wp-image-189\" srcset=\"https:\/\/acdc-asbl.org\/wp-content\/uploads\/2021\/05\/PHOTO-2021-02-13-05-57-57-576x1024.jpg 576w, https:\/\/acdc-asbl.org\/wp-content\/uploads\/2021\/05\/PHOTO-2021-02-13-05-57-57-169x300.jpg 169w, https:\/\/acdc-asbl.org\/wp-content\/uploads\/2021\/05\/PHOTO-2021-02-13-05-57-57-360x640.jpg 360w, https:\/\/acdc-asbl.org\/wp-content\/uploads\/2021\/05\/PHOTO-2021-02-13-05-57-57.jpg 607w\" sizes=\"(max-width: 576px) 100vw, 576px\" \/><\/figure>\n\n\n\n<figure class=\"wp-block-image size-large\"><img loading=\"lazy\" decoding=\"async\" width=\"576\" height=\"1024\" src=\"https:\/\/acdc-asbl.org\/wp-content\/uploads\/2021\/05\/PHOTO-2021-03-25-21-21-41-576x1024.jpg\" alt=\"\" class=\"wp-image-176\" srcset=\"https:\/\/acdc-asbl.org\/wp-content\/uploads\/2021\/05\/PHOTO-2021-03-25-21-21-41-576x1024.jpg 576w, https:\/\/acdc-asbl.org\/wp-content\/uploads\/2021\/05\/PHOTO-2021-03-25-21-21-41-169x300.jpg 169w, https:\/\/acdc-asbl.org\/wp-content\/uploads\/2021\/05\/PHOTO-2021-03-25-21-21-41-360x640.jpg 360w, https:\/\/acdc-asbl.org\/wp-content\/uploads\/2021\/05\/PHOTO-2021-03-25-21-21-41.jpg 607w\" sizes=\"(max-width: 576px) 100vw, 576px\" \/><\/figure>\n\n\n\n<figure class=\"wp-block-image size-large\"><img loading=\"lazy\" decoding=\"async\" width=\"576\" height=\"1024\" src=\"https:\/\/acdc-asbl.org\/wp-content\/uploads\/2021\/05\/PHOTO-2021-03-25-21-22-02-2-576x1024.jpg\" alt=\"\" class=\"wp-image-177\" srcset=\"https:\/\/acdc-asbl.org\/wp-content\/uploads\/2021\/05\/PHOTO-2021-03-25-21-22-02-2-576x1024.jpg 576w, https:\/\/acdc-asbl.org\/wp-content\/uploads\/2021\/05\/PHOTO-2021-03-25-21-22-02-2-169x300.jpg 169w, https:\/\/acdc-asbl.org\/wp-content\/uploads\/2021\/05\/PHOTO-2021-03-25-21-22-02-2-360x640.jpg 360w, https:\/\/acdc-asbl.org\/wp-content\/uploads\/2021\/05\/PHOTO-2021-03-25-21-22-02-2.jpg 607w\" sizes=\"(max-width: 576px) 100vw, 576px\" \/><\/figure>\n\n\n\n<figure class=\"wp-block-image size-large\"><img loading=\"lazy\" decoding=\"async\" width=\"576\" height=\"1024\" src=\"https:\/\/acdc-asbl.org\/wp-content\/uploads\/2021\/05\/PHOTO-2021-03-25-21-21-18-576x1024.jpg\" alt=\"\" class=\"wp-image-178\" srcset=\"https:\/\/acdc-asbl.org\/wp-content\/uploads\/2021\/05\/PHOTO-2021-03-25-21-21-18-576x1024.jpg 576w, https:\/\/acdc-asbl.org\/wp-content\/uploads\/2021\/05\/PHOTO-2021-03-25-21-21-18-169x300.jpg 169w, https:\/\/acdc-asbl.org\/wp-content\/uploads\/2021\/05\/PHOTO-2021-03-25-21-21-18-360x640.jpg 360w, https:\/\/acdc-asbl.org\/wp-content\/uploads\/2021\/05\/PHOTO-2021-03-25-21-21-18.jpg 607w\" sizes=\"(max-width: 576px) 100vw, 576px\" \/><\/figure>\n\n\n\n<figure class=\"wp-block-image size-large\"><img loading=\"lazy\" decoding=\"async\" width=\"576\" height=\"1024\" src=\"https:\/\/acdc-asbl.org\/wp-content\/uploads\/2021\/05\/PHOTO-2021-03-25-21-21-11-2-576x1024.jpg\" alt=\"\" class=\"wp-image-179\" srcset=\"https:\/\/acdc-asbl.org\/wp-content\/uploads\/2021\/05\/PHOTO-2021-03-25-21-21-11-2-576x1024.jpg 576w, https:\/\/acdc-asbl.org\/wp-content\/uploads\/2021\/05\/PHOTO-2021-03-25-21-21-11-2-169x300.jpg 169w, https:\/\/acdc-asbl.org\/wp-content\/uploads\/2021\/05\/PHOTO-2021-03-25-21-21-11-2-360x640.jpg 360w, https:\/\/acdc-asbl.org\/wp-content\/uploads\/2021\/05\/PHOTO-2021-03-25-21-21-11-2.jpg 607w\" sizes=\"(max-width: 576px) 100vw, 576px\" \/><\/figure>\n\n\n\n<figure class=\"wp-block-image size-large\"><img loading=\"lazy\" decoding=\"async\" width=\"1024\" height=\"768\" src=\"https:\/\/acdc-asbl.org\/wp-content\/uploads\/2021\/05\/PHOTO-2021-03-18-06-23-59-1024x768.jpg\" alt=\"\" class=\"wp-image-180\" srcset=\"https:\/\/acdc-asbl.org\/wp-content\/uploads\/2021\/05\/PHOTO-2021-03-18-06-23-59-1024x768.jpg 1024w, https:\/\/acdc-asbl.org\/wp-content\/uploads\/2021\/05\/PHOTO-2021-03-18-06-23-59-300x225.jpg 300w, https:\/\/acdc-asbl.org\/wp-content\/uploads\/2021\/05\/PHOTO-2021-03-18-06-23-59-768x576.jpg 768w, https:\/\/acdc-asbl.org\/wp-content\/uploads\/2021\/05\/PHOTO-2021-03-18-06-23-59-640x480.jpg 640w, https:\/\/acdc-asbl.org\/wp-content\/uploads\/2021\/05\/PHOTO-2021-03-18-06-23-59.jpg 1080w\" sizes=\"(max-width: 1024px) 100vw, 1024px\" \/><\/figure>\n\n\n\n<figure class=\"wp-block-image size-large\"><img loading=\"lazy\" decoding=\"async\" width=\"1024\" height=\"768\" src=\"https:\/\/acdc-asbl.org\/wp-content\/uploads\/2021\/05\/PHOTO-2021-03-18-06-32-43-1024x768.jpg\" alt=\"\" class=\"wp-image-182\" srcset=\"https:\/\/acdc-asbl.org\/wp-content\/uploads\/2021\/05\/PHOTO-2021-03-18-06-32-43-1024x768.jpg 1024w, https:\/\/acdc-asbl.org\/wp-content\/uploads\/2021\/05\/PHOTO-2021-03-18-06-32-43-300x225.jpg 300w, https:\/\/acdc-asbl.org\/wp-content\/uploads\/2021\/05\/PHOTO-2021-03-18-06-32-43-768x576.jpg 768w, https:\/\/acdc-asbl.org\/wp-content\/uploads\/2021\/05\/PHOTO-2021-03-18-06-32-43-640x480.jpg 640w, https:\/\/acdc-asbl.org\/wp-content\/uploads\/2021\/05\/PHOTO-2021-03-18-06-32-43.jpg 1080w\" sizes=\"(max-width: 1024px) 100vw, 1024px\" \/><\/figure>\n\n\n\n<figure class=\"wp-block-image size-large\"><img loading=\"lazy\" decoding=\"async\" width=\"1024\" height=\"1024\" src=\"https:\/\/acdc-asbl.org\/wp-content\/uploads\/2021\/05\/PHOTO-2020-08-31-20-44-54-1024x1024.jpg\" alt=\"\" class=\"wp-image-202\" srcset=\"https:\/\/acdc-asbl.org\/wp-content\/uploads\/2021\/05\/PHOTO-2020-08-31-20-44-54-1024x1024.jpg 1024w, https:\/\/acdc-asbl.org\/wp-content\/uploads\/2021\/05\/PHOTO-2020-08-31-20-44-54-300x300.jpg 300w, https:\/\/acdc-asbl.org\/wp-content\/uploads\/2021\/05\/PHOTO-2020-08-31-20-44-54-150x150.jpg 150w, https:\/\/acdc-asbl.org\/wp-content\/uploads\/2021\/05\/PHOTO-2020-08-31-20-44-54-768x768.jpg 768w, https:\/\/acdc-asbl.org\/wp-content\/uploads\/2021\/05\/PHOTO-2020-08-31-20-44-54-640x640.jpg 640w, https:\/\/acdc-asbl.org\/wp-content\/uploads\/2021\/05\/PHOTO-2020-08-31-20-44-54.jpg 1080w\" sizes=\"(max-width: 1024px) 100vw, 1024px\" \/><\/figure>\n\n\n\n<figure class=\"wp-block-image size-large\"><img loading=\"lazy\" decoding=\"async\" width=\"1024\" height=\"1024\" src=\"https:\/\/acdc-asbl.org\/wp-content\/uploads\/2021\/05\/PHOTO-2020-07-29-18-44-12-1024x1024.jpg\" alt=\"\" class=\"wp-image-209\" srcset=\"https:\/\/acdc-asbl.org\/wp-content\/uploads\/2021\/05\/PHOTO-2020-07-29-18-44-12-1024x1024.jpg 1024w, https:\/\/acdc-asbl.org\/wp-content\/uploads\/2021\/05\/PHOTO-2020-07-29-18-44-12-300x300.jpg 300w, https:\/\/acdc-asbl.org\/wp-content\/uploads\/2021\/05\/PHOTO-2020-07-29-18-44-12-150x150.jpg 150w, https:\/\/acdc-asbl.org\/wp-content\/uploads\/2021\/05\/PHOTO-2020-07-29-18-44-12-768x768.jpg 768w, https:\/\/acdc-asbl.org\/wp-content\/uploads\/2021\/05\/PHOTO-2020-07-29-18-44-12-640x640.jpg 640w, https:\/\/acdc-asbl.org\/wp-content\/uploads\/2021\/05\/PHOTO-2020-07-29-18-44-12.jpg 1080w\" sizes=\"(max-width: 1024px) 100vw, 1024px\" \/><\/figure>\n\n\n\n<figure class=\"wp-block-image size-large\"><img loading=\"lazy\" decoding=\"async\" width=\"1024\" height=\"1024\" src=\"https:\/\/acdc-asbl.org\/wp-content\/uploads\/2021\/05\/PHOTO-2020-07-23-13-44-32-1-1024x1024.jpg\" alt=\"\" class=\"wp-image-213\" srcset=\"https:\/\/acdc-asbl.org\/wp-content\/uploads\/2021\/05\/PHOTO-2020-07-23-13-44-32-1-1024x1024.jpg 1024w, https:\/\/acdc-asbl.org\/wp-content\/uploads\/2021\/05\/PHOTO-2020-07-23-13-44-32-1-300x300.jpg 300w, https:\/\/acdc-asbl.org\/wp-content\/uploads\/2021\/05\/PHOTO-2020-07-23-13-44-32-1-150x150.jpg 150w, https:\/\/acdc-asbl.org\/wp-content\/uploads\/2021\/05\/PHOTO-2020-07-23-13-44-32-1-768x768.jpg 768w, https:\/\/acdc-asbl.org\/wp-content\/uploads\/2021\/05\/PHOTO-2020-07-23-13-44-32-1-640x640.jpg 640w, https:\/\/acdc-asbl.org\/wp-content\/uploads\/2021\/05\/PHOTO-2020-07-23-13-44-32-1.jpg 1080w\" sizes=\"(max-width: 1024px) 100vw, 1024px\" \/><\/figure>\n\n\n\n<figure class=\"wp-block-image size-large\"><img loading=\"lazy\" decoding=\"async\" width=\"768\" height=\"1024\" src=\"https:\/\/acdc-asbl.org\/wp-content\/uploads\/2021\/05\/PHOTO-2020-06-22-15-27-00-768x1024.jpg\" alt=\"\" class=\"wp-image-217\" srcset=\"https:\/\/acdc-asbl.org\/wp-content\/uploads\/2021\/05\/PHOTO-2020-06-22-15-27-00-768x1024.jpg 768w, https:\/\/acdc-asbl.org\/wp-content\/uploads\/2021\/05\/PHOTO-2020-06-22-15-27-00-225x300.jpg 225w, https:\/\/acdc-asbl.org\/wp-content\/uploads\/2021\/05\/PHOTO-2020-06-22-15-27-00-480x640.jpg 480w, https:\/\/acdc-asbl.org\/wp-content\/uploads\/2021\/05\/PHOTO-2020-06-22-15-27-00.jpg 810w\" sizes=\"(max-width: 768px) 100vw, 768px\" \/><\/figure>\n\n\n\n<figure class=\"wp-block-image size-large\"><img loading=\"lazy\" decoding=\"async\" width=\"768\" height=\"1024\" src=\"https:\/\/acdc-asbl.org\/wp-content\/uploads\/2021\/05\/PHOTO-2020-06-03-14-13-58-768x1024.jpg\" alt=\"\" class=\"wp-image-224\" srcset=\"https:\/\/acdc-asbl.org\/wp-content\/uploads\/2021\/05\/PHOTO-2020-06-03-14-13-58-768x1024.jpg 768w, https:\/\/acdc-asbl.org\/wp-content\/uploads\/2021\/05\/PHOTO-2020-06-03-14-13-58-225x300.jpg 225w, https:\/\/acdc-asbl.org\/wp-content\/uploads\/2021\/05\/PHOTO-2020-06-03-14-13-58-480x640.jpg 480w, https:\/\/acdc-asbl.org\/wp-content\/uploads\/2021\/05\/PHOTO-2020-06-03-14-13-58.jpg 810w\" sizes=\"(max-width: 768px) 100vw, 768px\" \/><\/figure>\n\n\n\n<figure class=\"wp-block-image size-large\"><img loading=\"lazy\" decoding=\"async\" width=\"768\" height=\"1024\" src=\"https:\/\/acdc-asbl.org\/wp-content\/uploads\/2021\/05\/PHOTO-2020-06-03-14-14-06-768x1024.jpg\" alt=\"\" class=\"wp-image-225\" srcset=\"https:\/\/acdc-asbl.org\/wp-content\/uploads\/2021\/05\/PHOTO-2020-06-03-14-14-06-768x1024.jpg 768w, https:\/\/acdc-asbl.org\/wp-content\/uploads\/2021\/05\/PHOTO-2020-06-03-14-14-06-225x300.jpg 225w, https:\/\/acdc-asbl.org\/wp-content\/uploads\/2021\/05\/PHOTO-2020-06-03-14-14-06-480x640.jpg 480w, https:\/\/acdc-asbl.org\/wp-content\/uploads\/2021\/05\/PHOTO-2020-06-03-14-14-06.jpg 810w\" sizes=\"(max-width: 768px) 100vw, 768px\" \/><\/figure>\n\n\n\n<figure class=\"wp-block-image size-large\"><img loading=\"lazy\" decoding=\"async\" width=\"576\" height=\"1024\" src=\"https:\/\/acdc-asbl.org\/wp-content\/uploads\/2021\/05\/IMG_20190913_170706-576x1024.jpg\" alt=\"\" class=\"wp-image-240\" srcset=\"https:\/\/acdc-asbl.org\/wp-content\/uploads\/2021\/05\/IMG_20190913_170706-576x1024.jpg 576w, https:\/\/acdc-asbl.org\/wp-content\/uploads\/2021\/05\/IMG_20190913_170706-169x300.jpg 169w, https:\/\/acdc-asbl.org\/wp-content\/uploads\/2021\/05\/IMG_20190913_170706-675x1200.jpg 675w, https:\/\/acdc-asbl.org\/wp-content\/uploads\/2021\/05\/IMG_20190913_170706-360x640.jpg 360w, https:\/\/acdc-asbl.org\/wp-content\/uploads\/2021\/05\/IMG_20190913_170706.jpg 720w\" sizes=\"(max-width: 576px) 100vw, 576px\" \/><\/figure>\n\n\n\n<figure class=\"wp-block-image size-large\"><img loading=\"lazy\" decoding=\"async\" width=\"1024\" height=\"1024\" src=\"https:\/\/acdc-asbl.org\/wp-content\/uploads\/2021\/06\/PHOTO-2020-12-01-01-28-17-1024x1024.jpg\" alt=\"\" class=\"wp-image-277\" srcset=\"https:\/\/acdc-asbl.org\/wp-content\/uploads\/2021\/06\/PHOTO-2020-12-01-01-28-17-1024x1024.jpg 1024w, https:\/\/acdc-asbl.org\/wp-content\/uploads\/2021\/06\/PHOTO-2020-12-01-01-28-17-300x300.jpg 300w, https:\/\/acdc-asbl.org\/wp-content\/uploads\/2021\/06\/PHOTO-2020-12-01-01-28-17-150x150.jpg 150w, https:\/\/acdc-asbl.org\/wp-content\/uploads\/2021\/06\/PHOTO-2020-12-01-01-28-17-768x768.jpg 768w, https:\/\/acdc-asbl.org\/wp-content\/uploads\/2021\/06\/PHOTO-2020-12-01-01-28-17-640x640.jpg 640w, https:\/\/acdc-asbl.org\/wp-content\/uploads\/2021\/06\/PHOTO-2020-12-01-01-28-17.jpg 1080w\" sizes=\"(max-width: 1024px) 100vw, 1024px\" \/><\/figure>\n\n\n\n<figure class=\"wp-block-image size-large\"><img loading=\"lazy\" decoding=\"async\" width=\"1024\" height=\"513\" src=\"https:\/\/acdc-asbl.org\/wp-content\/uploads\/2021\/06\/cropped-PHOTO-2020-12-01-01-28-17-1024x513.jpg\" alt=\"\" class=\"wp-image-280\" srcset=\"https:\/\/acdc-asbl.org\/wp-content\/uploads\/2021\/06\/cropped-PHOTO-2020-12-01-01-28-17-1024x513.jpg 1024w, https:\/\/acdc-asbl.org\/wp-content\/uploads\/2021\/06\/cropped-PHOTO-2020-12-01-01-28-17-300x150.jpg 300w, https:\/\/acdc-asbl.org\/wp-content\/uploads\/2021\/06\/cropped-PHOTO-2020-12-01-01-28-17-768x385.jpg 768w, https:\/\/acdc-asbl.org\/wp-content\/uploads\/2021\/06\/cropped-PHOTO-2020-12-01-01-28-17-640x321.jpg 640w, https:\/\/acdc-asbl.org\/wp-content\/uploads\/2021\/06\/cropped-PHOTO-2020-12-01-01-28-17.jpg 1080w\" sizes=\"(max-width: 1024px) 100vw, 1024px\" \/><\/figure>\n<\/figure>\n<\/div>\n\n\n\n<div class=\"wp-block-column is-layout-flow wp-block-column-is-layout-flow\">\n<h2 class=\"has-text-align-center wp-block-heading\">Berufsausbildung<\/h2>\n\n\n\n<p>Gespendete Computer konnten den Schulen in Yakoma \u00fcbergeben werden, so dass die Kinder und Jugendlichen dort eine Chance haben, den Umgang mit den neuen Medien zu erlernen.       <br><\/p>\n\n\n\n<figure class=\"wp-block-gallery has-nested-images columns-default is-cropped wp-block-gallery-2 is-layout-flex wp-block-gallery-is-layout-flex\">\n<figure class=\"wp-block-image size-large\"><img loading=\"lazy\" decoding=\"async\" width=\"1024\" height=\"1024\" src=\"https:\/\/acdc-asbl.org\/wp-content\/uploads\/2022\/06\/PHOTO-2022-06-21-22-09-15.jpg\" alt=\"\" class=\"wp-image-511\" srcset=\"https:\/\/acdc-asbl.org\/wp-content\/uploads\/2022\/06\/PHOTO-2022-06-21-22-09-15.jpg 1024w, https:\/\/acdc-asbl.org\/wp-content\/uploads\/2022\/06\/PHOTO-2022-06-21-22-09-15-300x300.jpg 300w, https:\/\/acdc-asbl.org\/wp-content\/uploads\/2022\/06\/PHOTO-2022-06-21-22-09-15-150x150.jpg 150w, https:\/\/acdc-asbl.org\/wp-content\/uploads\/2022\/06\/PHOTO-2022-06-21-22-09-15-768x768.jpg 768w, https:\/\/acdc-asbl.org\/wp-content\/uploads\/2022\/06\/PHOTO-2022-06-21-22-09-15-640x640.jpg 640w\" sizes=\"(max-width: 1024px) 100vw, 1024px\" \/><figcaption class=\"wp-element-caption\">Gbadolite<\/figcaption><\/figure>\n\n\n\n<figure class=\"wp-block-image size-large\"><img loading=\"lazy\" decoding=\"async\" width=\"1024\" height=\"1024\" src=\"https:\/\/acdc-asbl.org\/wp-content\/uploads\/2022\/06\/PHOTO-2022-06-21-22-09-15-1.jpg\" alt=\"\" class=\"wp-image-513\" srcset=\"https:\/\/acdc-asbl.org\/wp-content\/uploads\/2022\/06\/PHOTO-2022-06-21-22-09-15-1.jpg 1024w, https:\/\/acdc-asbl.org\/wp-content\/uploads\/2022\/06\/PHOTO-2022-06-21-22-09-15-1-300x300.jpg 300w, https:\/\/acdc-asbl.org\/wp-content\/uploads\/2022\/06\/PHOTO-2022-06-21-22-09-15-1-150x150.jpg 150w, https:\/\/acdc-asbl.org\/wp-content\/uploads\/2022\/06\/PHOTO-2022-06-21-22-09-15-1-768x768.jpg 768w, https:\/\/acdc-asbl.org\/wp-content\/uploads\/2022\/06\/PHOTO-2022-06-21-22-09-15-1-640x640.jpg 640w\" sizes=\"(max-width: 1024px) 100vw, 1024px\" \/><figcaption class=\"wp-element-caption\">Gbadolite<\/figcaption><\/figure>\n\n\n\n<figure class=\"wp-block-image size-large\"><img loading=\"lazy\" decoding=\"async\" width=\"767\" height=\"1024\" src=\"https:\/\/acdc-asbl.org\/wp-content\/uploads\/2022\/06\/PHOTO-2022-06-21-22-07-26-767x1024.jpg\" alt=\"\" class=\"wp-image-512\" srcset=\"https:\/\/acdc-asbl.org\/wp-content\/uploads\/2022\/06\/PHOTO-2022-06-21-22-07-26-767x1024.jpg 767w, https:\/\/acdc-asbl.org\/wp-content\/uploads\/2022\/06\/PHOTO-2022-06-21-22-07-26-225x300.jpg 225w, https:\/\/acdc-asbl.org\/wp-content\/uploads\/2022\/06\/PHOTO-2022-06-21-22-07-26-768x1025.jpg 768w, https:\/\/acdc-asbl.org\/wp-content\/uploads\/2022\/06\/PHOTO-2022-06-21-22-07-26-479x640.jpg 479w, https:\/\/acdc-asbl.org\/wp-content\/uploads\/2022\/06\/PHOTO-2022-06-21-22-07-26.jpg 809w\" sizes=\"(max-width: 767px) 100vw, 767px\" \/><figcaption class=\"wp-element-caption\">Kota-Koli<\/figcaption><\/figure>\n\n\n\n<figure class=\"wp-block-image size-large\"><img loading=\"lazy\" decoding=\"async\" width=\"576\" height=\"1024\" src=\"https:\/\/acdc-asbl.org\/wp-content\/uploads\/2022\/06\/PHOTO-2022-06-29-10-34-59.jpg\" alt=\"\" class=\"wp-image-524\" srcset=\"https:\/\/acdc-asbl.org\/wp-content\/uploads\/2022\/06\/PHOTO-2022-06-29-10-34-59.jpg 576w, https:\/\/acdc-asbl.org\/wp-content\/uploads\/2022\/06\/PHOTO-2022-06-29-10-34-59-169x300.jpg 169w, https:\/\/acdc-asbl.org\/wp-content\/uploads\/2022\/06\/PHOTO-2022-06-29-10-34-59-360x640.jpg 360w\" sizes=\"(max-width: 576px) 100vw, 576px\" \/><figcaption class=\"wp-element-caption\">Yakoma<\/figcaption><\/figure>\n\n\n\n<figure class=\"wp-block-image size-large\"><img loading=\"lazy\" decoding=\"async\" width=\"576\" height=\"1024\" src=\"https:\/\/acdc-asbl.org\/wp-content\/uploads\/2022\/06\/PHOTO-2022-06-29-10-34-59-4.jpg\" alt=\"\" class=\"wp-image-525\" srcset=\"https:\/\/acdc-asbl.org\/wp-content\/uploads\/2022\/06\/PHOTO-2022-06-29-10-34-59-4.jpg 576w, https:\/\/acdc-asbl.org\/wp-content\/uploads\/2022\/06\/PHOTO-2022-06-29-10-34-59-4-169x300.jpg 169w, https:\/\/acdc-asbl.org\/wp-content\/uploads\/2022\/06\/PHOTO-2022-06-29-10-34-59-4-360x640.jpg 360w\" sizes=\"(max-width: 576px) 100vw, 576px\" \/><figcaption class=\"wp-element-caption\">Yakoma<\/figcaption><\/figure>\n<\/figure>\n<\/div>\n<\/div>\n\n\n\n<p><\/p>\n\n\n\n<p><\/p>\n\n\n\n<p><\/p>\n","protected":false},"excerpt":{"rendered":"<p>Schulbildung ACDC setzt den Bau der Grundschule Kpubu in Taragini um, welcher 2019 begonnen. Ende 2022 entsteht nun das 4. und letzte Geb\u00e4ude. N\u00e4here Informationen finden Sie auf der Website \u00fcber das Schulprojekt. Berufsausbildung Gespendete Computer konnten den&#8230; <a class=\"read-more\" href=\"https:\/\/acdc-asbl.org\/en\/bildung-ist-die-nachhaltigste-entwicklungshilfe-bildung-schafft-frieden\/\">Read More<\/a><\/p>\n","protected":false},"author":1,"featured_media":0,"parent":0,"menu_order":0,"comment_status":"closed","ping_status":"closed","template":"","meta":{"footnotes":""},"class_list":["post-585","page","type-page","status-publish","hentry","no-comments"],"translation":{"provider":"WPGlobus","version":"3.0.0","language":"en","enabled_languages":["de","fr","en"],"languages":{"de":{"title":true,"content":true,"excerpt":false},"fr":{"title":false,"content":false,"excerpt":false},"en":{"title":false,"content":false,"excerpt":false}}},"_links":{"self":[{"href":"https:\/\/acdc-asbl.org\/en\/wp-json\/wp\/v2\/pages\/585"}],"collection":[{"href":"https:\/\/acdc-asbl.org\/en\/wp-json\/wp\/v2\/pages"}],"about":[{"href":"https:\/\/acdc-asbl.org\/en\/wp-json\/wp\/v2\/types\/page"}],"author":[{"embeddable":true,"href":"https:\/\/acdc-asbl.org\/en\/wp-json\/wp\/v2\/users\/1"}],"replies":[{"embeddable":true,"href":"https:\/\/acdc-asbl.org\/en\/wp-json\/wp\/v2\/comments?post=585"}],"version-history":[{"count":3,"href":"https:\/\/acdc-asbl.org\/en\/wp-json\/wp\/v2\/pages\/585\/revisions"}],"predecessor-version":[{"id":701,"href":"https:\/\/acdc-asbl.org\/en\/wp-json\/wp\/v2\/pages\/585\/revisions\/701"}],"wp:attachment":[{"href":"https:\/\/acdc-asbl.org\/en\/wp-json\/wp\/v2\/media?parent=585"}],"curies":[{"name":"wp","href":"https:\/\/api.w.org\/{rel}","templated":true}]}}