{"id":654,"date":"2023-02-09T10:22:06","date_gmt":"2023-02-09T09:22:06","guid":{"rendered":"https:\/\/acdc-asbl.org\/?page_id=654"},"modified":"2023-02-09T10:49:21","modified_gmt":"2023-02-09T09:49:21","slug":"das-ist-die-dr-kongo-demokratische-republik-kongo","status":"publish","type":"page","link":"https:\/\/acdc-asbl.org\/en\/das-ist-die-dr-kongo-demokratische-republik-kongo\/","title":{"rendered":""},"content":{"rendered":"\n<h2 class=\"has-x-large-font-size wp-block-heading\">Das ist die Demokratische Republik Kongo<\/h2>\n\n\n\n<ol class=\"wp-block-list\" type=\"1\">\n<li><a href=\"#ein_riese\">ein Riese<\/a><\/li>\n\n\n\n<li><a href=\"#Kongo_viele_Namen\">Kongo \u2013 viele Namen<\/a><\/li>\n\n\n\n<li><a href=\"#arm-aber-reich-an-Rohstoffen\">arm aber reich an Rohstoffen<\/a><\/li>\n\n\n\n<li><a href=\"#tropisch-\u2013-Fluch-und-Segen\">tropisch \u2013 Fluch und Segen<\/a><\/li>\n\n\n\n<li><a href=\"#vielf\u00e4ltig-und-divers\">vielf\u00e4ltig und divers<\/a><\/li>\n\n\n\n<li><a href=\"http:\/\/ausgebeutet-1\">ausgebeutet 1<\/a><\/li>\n\n\n\n<li><a href=\"#ausgebeutet-2\">ausgebeutet 2<\/a><\/li>\n\n\n\n<li><a href=\"#ausgebeutet-3\">ausgebeutet 3<\/a><\/li>\n\n\n\n<li><a href=\"#demokratisch-und-Krieg\">demokratisch und Krieg<\/a><\/li>\n\n\n\n<li><a href=\"#Hoffnung\">Hoffnung<\/a><\/li>\n<\/ol>\n\n\n\n<figure class=\"wp-block-image size-large\"><img loading=\"lazy\" decoding=\"async\" width=\"1024\" height=\"934\" src=\"https:\/\/acdc-asbl.org\/wp-content\/uploads\/2023\/02\/Bildschirm\u00adfoto-2023-02-09-um-10.31.20-1024x934.png\" alt=\"\" class=\"wp-image-667\" srcset=\"https:\/\/acdc-asbl.org\/wp-content\/uploads\/2023\/02\/Bildschirm\u00adfoto-2023-02-09-um-10.31.20-1024x934.png 1024w, https:\/\/acdc-asbl.org\/wp-content\/uploads\/2023\/02\/Bildschirm\u00adfoto-2023-02-09-um-10.31.20-300x274.png 300w, https:\/\/acdc-asbl.org\/wp-content\/uploads\/2023\/02\/Bildschirm\u00adfoto-2023-02-09-um-10.31.20-768x701.png 768w, https:\/\/acdc-asbl.org\/wp-content\/uploads\/2023\/02\/Bildschirm\u00adfoto-2023-02-09-um-10.31.20-1315x1200.png 1315w, https:\/\/acdc-asbl.org\/wp-content\/uploads\/2023\/02\/Bildschirm\u00adfoto-2023-02-09-um-10.31.20-640x584.png 640w, https:\/\/acdc-asbl.org\/wp-content\/uploads\/2023\/02\/Bildschirm\u00adfoto-2023-02-09-um-10.31.20.png 1359w\" sizes=\"(max-width: 1024px) 100vw, 1024px\" \/><\/figure>\n\n\n\n<figure class=\"wp-block-image size-large\"><img loading=\"lazy\" decoding=\"async\" width=\"711\" height=\"1024\" src=\"https:\/\/acdc-asbl.org\/wp-content\/uploads\/2023\/02\/Bildschirm\u00adfoto-2023-02-09-um-10.33.49-1-711x1024.png\" alt=\"\" class=\"wp-image-668\" srcset=\"https:\/\/acdc-asbl.org\/wp-content\/uploads\/2023\/02\/Bildschirm\u00adfoto-2023-02-09-um-10.33.49-1-711x1024.png 711w, https:\/\/acdc-asbl.org\/wp-content\/uploads\/2023\/02\/Bildschirm\u00adfoto-2023-02-09-um-10.33.49-1-208x300.png 208w, https:\/\/acdc-asbl.org\/wp-content\/uploads\/2023\/02\/Bildschirm\u00adfoto-2023-02-09-um-10.33.49-1-768x1105.png 768w, https:\/\/acdc-asbl.org\/wp-content\/uploads\/2023\/02\/Bildschirm\u00adfoto-2023-02-09-um-10.33.49-1-445x640.png 445w, https:\/\/acdc-asbl.org\/wp-content\/uploads\/2023\/02\/Bildschirm\u00adfoto-2023-02-09-um-10.33.49-1.png 815w\" sizes=\"(max-width: 711px) 100vw, 711px\" \/><\/figure>\n\n\n\n<h2 class=\"wp-block-heading\" id=\"ein_riese\">ein Riese<\/h2>\n\n\n\n<p>Die DR Kongo ist der zweitgr\u00f6\u00dfte Staat Afrikas (Algerien ist noch ein bisschen gr\u00f6\u00dfer) und gr\u00f6\u00dfer als Deutschland, \u00d6sterreich, die Schweiz, Polen, BENELUX, Frankreich, Spanien, Portugal und Italien zusammen.<\/p>\n\n\n\n<p>Dort leben rund 100 Millionen Menschen, etwas so viele wie in Deutschland, \u00d6sterreich und der Schweiz zusammen. Die DR Kongo hat mit ca. 3% mit das h\u00f6chste Bev\u00f6lkerungswachstum aller Staaten der Erde. Bliebe es so, w\u00fcrde sich die Bev\u00f6lkerung innerhalb der n\u00e4chsten 25 Jahre verdoppeln.<\/p>\n\n\n\n<h2 class=\"wp-block-heading\" id=\"Kongo_viele_Namen\">Kongo \u2013 viele Namen<\/h2>\n\n\n\n<p>Kongo ist eine Gro\u00dfregion in Afrika, im Bereich des \u00c4quators, und der zweitl\u00e4ngste Fluss Afrikas.<br>Kongo war ein gro\u00dfes K\u00f6nigreich vom 14. bis zum 17- Jahrhundert.<br>Die heutige DR Kongo umfasst das Gebiet der ehemaligen belgischen Kolonie Belgisch-Kongo, nach der Unabh\u00e4ngigkeit 1960 hie\u00df der Staat u.a. Kongo-L\u00e9opold, Kongo-Kinshasa und Zaire.<br>Die Republik Kongo, das ehemalige Franz\u00f6sisch-Kongo oder Kongo-Brazzaville, ist ein viel kleinerer Nachbarstaat im Nordwesten<\/p>\n\n\n\n<h2 class=\"wp-block-heading\" id=\"arm-aber-reich-an-Rohstoffen\">arm aber reich an Rohstoffen<\/h2>\n\n\n\n<p>Die DR Kongo geh\u00f6rt zu den \u00e4rmsten L\u00e4ndern der Welt: das j\u00e4hrliche Pro-Kopf-Einkommen betr\u00e4gt rund 1100 US-Dollar (BIP pro Einwohner, nach Kaufkraft). Drei Viertel der Bev\u00f6lkerung leben in absoluter Armut (weniger als 2 US-Dollar pro Tag), f\u00fcr 4 von 5 kongolesischen Kindern und Erwachsenen fehlt es an einem stabilen Zugang zu medizinischer Versorgung, zu Schulen, zu Trinkwasser; vier von f\u00fcnf Kongolesen sind mangelern\u00e4hrt und verf\u00fcgen nicht \u00fcber ausreichend Wohnraum.&nbsp;<\/p>\n\n\n\n<p>Andererseits gibt es wie in fast allen Entwicklungsl\u00e4ndern eine kleine, sehr reiche Oberschicht, die auch \u00fcber viel Geld im Ausland verf\u00fcgt.<\/p>\n\n\n\n<p>Und die DR Kongo ist eines der rohstoffreichsten L\u00e4nder der Erde. Sie verf\u00fcgt \u00fcber mehr als die H\u00e4lfte der weltweiten Kobaltvorkommen, bei Coltan (sehr wichtiges Erz in der Elektroindustrie) sogar \u00fcber 70%. Auch Kupfer, Gold und Diamanten werden in gro\u00dfen Mengen abgebaut. Der Export von Rohstoffen ist mit Abstand der gr\u00f6\u00dfte Devisenbringer f\u00fcr die DR Kongo. Die Aufbereitung und Verarbeitung der Rohstoffe und damit die Wertsch\u00f6pfung erfolgt dabei im Ausland (China, S\u00fcdafrika, Europa, Nordamerika, Japan usw.)<\/p>\n\n\n\n<h2 class=\"wp-block-heading\" id=\"tropisch-\u2013-Fluch-und-Segen\">tropisch \u2013 Fluch und Segen<\/h2>\n\n\n\n<p>Die geografische Lage der DR Kongo bedingt ein tropisches Klima im gesamten Land, allerdings mit deutlichen Unterschieden:&nbsp;<\/p>\n\n\n\n<ul class=\"wp-block-list\">\n<li>In der n\u00f6rdlichen H\u00e4lfte ist es immerfeucht, d.h. es gibt fast jeden Tag Starkregen, was h\u00e4ufig zu \u00dcberschwemmungen f\u00fchrt und die gro\u00dfteils unbefestigten Stra\u00dfen unpassierbar macht. Der tropische Regenwald steht formal unter dem Schutz der Regierung, die Gro\u00dfprojekte streng \u00fcberwachen m\u00f6chte. Das Problem ist aber eher die Zerst\u00f6rung im Kleinen, h\u00e4ufig verbunden mit dem Wegschauen von korrupten Beamten. Landwirtschaft ist m\u00f6glich, allerdings muss sie nachhaltig sein, sonst ist der Boden langfristig unfruchtbar.&nbsp;<\/li>\n\n\n\n<li>In der S\u00fcdh\u00e4lfte gibt es eine ausgepr\u00e4gte Trockenzeit, die ganz im S\u00fcden 6 Monate dauert. Hier liegen die fruchtbaren Gebiete der DR Kongo, allerdings k\u00f6nnen Lebensmittel wegen mangelnder Infrastruktur meist nicht in andere Gebiete transportiert werden. Vorherrschend sind Kleinbetriebe mit Subsistenzwirtschaft, es gibt nur wenige Gro\u00dfbetriebe und Plantagen.<\/li>\n\n\n\n<li>Im S\u00fcdosten liegen Gebirge mit H\u00f6henklima und tropischem Bergwald. Dort liegt ein gro\u00dfer Teil der Bergbaugebiete, es herrscht immer noch B\u00fcrgerkrieg.&nbsp;<\/li>\n<\/ul>\n\n\n\n<h2 class=\"wp-block-heading\" id=\"vielf\u00e4ltig-und-divers\">vielf\u00e4ltig und divers<\/h2>\n\n\n\n<p>In der DR Kongo leben etwa 200 ethnische Gruppen, viele davon wurden von der Kolonialmacht Belgien willk\u00fcrlich definiert, um koloniale Interessen durchzusetzen. 80% geh\u00f6ren \u00fcbergeordnet zu den Bantu.&nbsp;<\/p>\n\n\n\n<p>Franz\u00f6sisch ist durch die belgische Kolonialzeit Amtssprache geworden und ist Bildungs- und Literatursprache. Vier Sprachen sind als Nationalsprachen in der Verfassung festgeschrieben. Aber es gibt weitere 200 Sprachen, also so viele wie Volksgruppen.&nbsp;<\/p>\n\n\n\n<p>Auch im religi\u00f6sen Bereich gibt es ein breites Spektrum: Dominant ist die katholische Kirche, die Missionierung der Bev\u00f6lkerung erfolgte, von Belgien unterst\u00fctzt, in der Kolonialzeit. Daneben gibt es protestantische und afrikanische Kirchen, sowie die indigenen Religionen, deren Vorstellungen auch die christlichen Religionen beeinflusst haben.&nbsp;<\/p>\n\n\n\n<h2 class=\"wp-block-heading\" id=\"ausgebeutet-1\">ausgebeutet 1<\/h2>\n\n\n\n<p>Im 16. und 17. Jahrhundert fiel das K\u00f6nigreich Kongo in die H\u00e4nde von zun\u00e4chst portugiesischen Sklavenj\u00e4gern, die mit der Unterst\u00fctzung von Missionaren ganze Landstriche entv\u00f6lkerten. Im 18. und 19. Jahrhundert \u00fcbernahmen andere europ\u00e4ische und afroarabische H\u00e4ndler die Sklavenjagd und den Sklavenverkauf an die amerikanischen Kolonien. Das K\u00f6nigreich Kongo und andere staatliche Einheiten in Zentralafrika waren l\u00e4ngst zerst\u00f6rt. 5 Millionen Sklaven wurden von kongolesischen und angolanischen Hafenst\u00e4dten abtransportiert. Dort bildete sich eine reiche Oberschicht heraus.&nbsp;<\/p>\n\n\n\n<h2 class=\"wp-block-heading\" id=\"ausgebeutet-2\">ausgebeutet 2<\/h2>\n\n\n\n<p>Ende des 19. Jahrhunderts begann die 75j\u00e4hrige belgische Kolonialzeit. Zun\u00e4chst die Herrschaft des belgischen K\u00f6nigs Leopold II. (der Kongo war sein \u201ePrivatbesitz\u201c), in der Grausamkeit (\u201eKongogr\u00e4uel\u201c) und Ausbeutung (zuerst Naturkautschuk, sp\u00e4ter Bergbau) unvorstellbare Ausma\u00dfe erreichten, was sich nur wenig \u00e4nderte, als der belgische Staat die Kontrolle \u00fcbernahm. Als sich Belgien 1959 zur\u00fcckzog, hinterlie\u00dfen sie ein Land in Chaos und Armut.&nbsp;&nbsp;<\/p>\n\n\n\n<h2 class=\"wp-block-heading\" id=\"ausgebeutet-3\">ausgebeutet 3<\/h2>\n\n\n\n<p>Auch der unabh\u00e4ngige Staat bleibt bis heute nicht von Ausbeutung durch die Industriel\u00e4nder verschont. Rohstoffe wie Diamanten, Gold, Kupfer, Coltan u.v.m. werden exportiert, das bringt zwar Devisen ins Land, von der gro\u00dfen Wertsch\u00f6pfung durch Aufbereitung und Weiterverarbeitung profitieren dann aber die Industriel\u00e4nder, besonders China und S\u00fcdafrika, die sich vertraglich an die kongolesische Regierung gebunden haben. Korruption und B\u00fcrgerkrieg in den Bergbauregionen verhindern zus\u00e4tzlich, dass der Rohstoffreichtum die Armut bek\u00e4mpft.<\/p>\n\n\n\n<h2 class=\"wp-block-heading\" id=\"demokratisch-und-Krieg\">demokratisch und Krieg<\/h2>\n\n\n\n<p>Seit 2006 hat die DR Kongo eine neue Verfassung, die Gewaltenteilung und allgemeine und freie Wahlen beinhaltet und zu der offiziellen Staatsbezeichnung passt. Aber der Staat, die Regierung und die Verwaltung in den Provinzen sind viel zu schwach und zu korrupt, um die Vorgaben der Verfassung zu erf\u00fcllen. Eine unabh\u00e4ngige Justiz existiert nicht, viele Gesetze finden keine Anwendung, am ehesten noch in der Region um Kinshasa.&nbsp;&nbsp;<\/p>\n\n\n\n<p>Besonders im Osten des Landes ist die Regierung v\u00f6llig machtlos, weil dort seit vielen Jahren ein B\u00fcrgerkrieg um die Herrschaft \u00fcber den Bergbau tobt. Dort gelten weder Menschenrechte, Rebellengruppen und staatliche Sicherheitskr\u00e4fte agieren willk\u00fcrlich.<\/p>\n\n\n\n<h2 class=\"wp-block-heading\" id=\"Hoffnung\">Hoffnung<\/h2>\n\n\n\n<p>Drei von vier der 100 Millionen Kongolesen f\u00fchren einen t\u00e4glichen \u00dcberlebenskampf, in dem Solidarit\u00e4t und Hilfsbereitschaft wichtig sind.<\/p>\n\n\n\n<p>Viele Exil-Kongolesen organisieren vom Ausland aus die Unterst\u00fctzung f\u00fcr ihr Land, mit Geld\u00fcberweisungen und Investitionen.&nbsp;<\/p>\n\n\n\n<p>Deutschland und auch die EU sind in der DR Kongo aktiv, um die Basis-Infrastruktur zu st\u00e4rken. Sie arbeiten \u00fcberwiegend mit Nicht-Regierungsorganisationen (NRO) zusammen.<\/p>\n\n\n\n<p>Ein weiterer Schwerpunkt ist der artisanale Bergbau, der informelle, famili\u00e4re Bergbau also abseits der gro\u00dfen Minen. Dort Arbeitsstandards einzurichten, Kooperativen zu gr\u00fcnden und Lieferketten aufzubauen, davon w\u00fcrden viele kongolesische Familien direkt profitieren.&nbsp;<\/p>\n\n\n\n<p>Und schlie\u00dflich gibt es Initiativen wie die ACDC, die auf lokaler Ebene die Grundbed\u00fcrfnisse der Bewohner schrittweise verbessern.\u00a0<\/p>\n\n\n\n<p class=\"has-text-align-right\"><em>Text von Thomas Linse, Grafiken: googlemaps<\/em><\/p>\n","protected":false},"excerpt":{"rendered":"<p>Das ist die Demokratische Republik Kongo ein Riese Die DR Kongo ist der zweitgr\u00f6\u00dfte Staat Afrikas (Algerien ist noch ein bisschen gr\u00f6\u00dfer) und gr\u00f6\u00dfer als Deutschland, \u00d6sterreich, die Schweiz, Polen, BENELUX, Frankreich, Spanien, Portugal und Italien zusammen. Dort&#8230; <a class=\"read-more\" href=\"https:\/\/acdc-asbl.org\/en\/das-ist-die-dr-kongo-demokratische-republik-kongo\/\">Read More<\/a><\/p>\n","protected":false},"author":1,"featured_media":662,"parent":0,"menu_order":0,"comment_status":"closed","ping_status":"closed","template":"","meta":{"footnotes":""},"class_list":["post-654","page","type-page","status-publish","has-post-thumbnail","hentry","no-comments"],"translation":{"provider":"WPGlobus","version":"3.0.0","language":"en","enabled_languages":["de","fr","en"],"languages":{"de":{"title":false,"content":true,"excerpt":false},"fr":{"title":false,"content":false,"excerpt":false},"en":{"title":false,"content":false,"excerpt":false}}},"_links":{"self":[{"href":"https:\/\/acdc-asbl.org\/en\/wp-json\/wp\/v2\/pages\/654"}],"collection":[{"href":"https:\/\/acdc-asbl.org\/en\/wp-json\/wp\/v2\/pages"}],"about":[{"href":"https:\/\/acdc-asbl.org\/en\/wp-json\/wp\/v2\/types\/page"}],"author":[{"embeddable":true,"href":"https:\/\/acdc-asbl.org\/en\/wp-json\/wp\/v2\/users\/1"}],"replies":[{"embeddable":true,"href":"https:\/\/acdc-asbl.org\/en\/wp-json\/wp\/v2\/comments?post=654"}],"version-history":[{"count":22,"href":"https:\/\/acdc-asbl.org\/en\/wp-json\/wp\/v2\/pages\/654\/revisions"}],"predecessor-version":[{"id":687,"href":"https:\/\/acdc-asbl.org\/en\/wp-json\/wp\/v2\/pages\/654\/revisions\/687"}],"wp:featuredmedia":[{"embeddable":true,"href":"https:\/\/acdc-asbl.org\/en\/wp-json\/wp\/v2\/media\/662"}],"wp:attachment":[{"href":"https:\/\/acdc-asbl.org\/en\/wp-json\/wp\/v2\/media?parent=654"}],"curies":[{"name":"wp","href":"https:\/\/api.w.org\/{rel}","templated":true}]}}