{"id":106,"date":"2021-04-19T18:07:12","date_gmt":"2021-04-19T16:07:12","guid":{"rendered":"https:\/\/acdc-asbl.org\/?page_id=106"},"modified":"2024-03-06T20:08:15","modified_gmt":"2024-03-06T19:08:15","slug":"das-sind-wir","status":"publish","type":"page","link":"https:\/\/acdc-asbl.org\/fr\/das-sind-wir\/","title":{"rendered":"Presentation de l\u2019ACDC ASBL\/ONGD"},"content":{"rendered":"\n<p><\/p>\n\n\n\n<p><strong><em>1.1. Historique&nbsp;<\/em><\/strong><\/p>\n\n\n\n<p>La cr\u00e9ation de l\u2019ACDC remonte \u00e0 l\u2019ann\u00e9e 2016 pour r\u00e9pondre \u00e0 l\u2019accroissement du taux de pauvret\u00e9 extr\u00eame dans lequel vit la majorit\u00e9 des Etats, \u00e0 l\u2019instar de la RDC, l\u2019emp\u00eachant ainsi \u00e0 relever les d\u00e9fis du d\u00e9veloppement durable et inclusif au niveau des diff\u00e9rentes communaut\u00e9s.&nbsp;<\/p>\n\n\n\n<p>C\u2019est dans ce contexte et partant de la doctrine sociale de l\u2019\u00c9glise catholique, et convaincu que seule l\u2019\u00e9vang\u00e9lisation bas\u00e9e sur les actions sociales peut constituer le leitmotiv pour \u00e9liminer la faim, facteur \u00e9loquent de sous-d\u00e9veloppement, que l\u2019Action Chr\u00e9tienne pour le D\u00e9veloppement Communautaire (ACDC) a \u00e9t\u00e9 cr\u00e9\u00e9e \u00e0 Yakoma en date du 02 novembre 2016 et ce, conform\u00e9ment \u00e0 la loi n\u00b0 004\/2001 du 20 juillet 2001 portant dispositions g\u00e9n\u00e9rales applicables aux associations sans but lucratif et aux \u00e9tablissements d&#8217;utilit\u00e9 publique.&nbsp;<\/p>\n\n\n\n<p>L\u2019ACDC est une ONGD de droit congolais.&nbsp;<\/p>\n\n\n\n<p><strong><em>1.2. Objectifs institutionnels&nbsp;<\/em><\/strong><\/p>\n\n\n\n<p>\uf0b7 Int\u00e9grer la culture de l\u2019\u00c9vangile et de la cohabitation pacifique au sein des communaut\u00e9s ;&nbsp;<\/p>\n\n\n\n<p>\uf0b7 Assurer la s\u00e9curit\u00e9 alimentaire et am\u00e9liorer la nutrition \u00e0 travers l\u2019\u00e9levage, la p\u00eache et l\u2019agriculture durable ;&nbsp;<\/p>\n\n\n\n<p>\uf0b7 Promouvoir les activit\u00e9s \u00e9conomiques locales ;&nbsp;<\/p>\n\n\n\n<p>\uf0b7 Construire des centres m\u00e9dicaux coupl\u00e9s des \u00e9quipements modernes pour assurer le bien-\u00eatre et la bonne sant\u00e9 de la communaut\u00e9 ;&nbsp;<\/p>\n\n\n\n<p>\uf0b7 Promouvoir l\u2019\u00e9galit\u00e9 des sexes, l\u2019entreprenariat et l\u2019emploi des jeunes ainsi que les activit\u00e9s de l\u2019autonomisation de toutes les femmes et filles ;&nbsp;<\/p>\n\n\n\n<p>\uf0b7 Garantir l\u2019acc\u00e8s de la population locale \u00e0 l\u2019eau potable et aux services \u00e9nerg\u00e9tiques fiables, durables et modernes, \u00e0 un co\u00fbt abordable ;&nbsp;<\/p>\n\n\n\n<p>\uf0b7 B\u00e2tir des logements sociaux modernes et des infrastructures r\u00e9silientes en faveur de la population locale ;&nbsp;<\/p>\n\n\n\n<p>\uf0b7 Pr\u00e9server les ressources naturelles et l\u2019environnement pour le d\u00e9veloppement durable ;&nbsp;<\/p>\n\n\n\n<p>\uf0b7 Appuyer les initiatives similaires \u00e0 celles de l\u2019ACDC.&nbsp;<\/p>\n\n\n\n<p><\/p>\n\n\n\n<p><strong><em>1.3. Membres et structures organisationnelles&nbsp;<\/em><\/strong><\/p>\n\n\n\n<p>Les membres de l\u2019ACDC se recrutent dans toutes les cat\u00e9gories socioprofessionnelles de la population.&nbsp;<\/p>\n\n\n\n<p>ACDC-ASBL compte quatre (4) cat\u00e9gories de membres, qui sont : les membres effectifs ; les membres de droit ; les membres sympathisants et les membres d\u2019honneurs ou de soutien.&nbsp;<\/p>\n\n\n\n<p>Tous les membres de l\u2019ACDC, hommes et femmes, ont les statuts des <strong>b\u00e9n\u00e9voles<\/strong>. Ils sont engag\u00e9s librement, de mani\u00e8re d\u00e9sint\u00e9ress\u00e9e au sein de l\u2019ACDC pour se mettre au service des communaut\u00e9s sans s\u2019attendre \u00e0 une r\u00e9mun\u00e9ration.&nbsp;<\/p>\n\n\n\n<p>Sur le plan structurel et organisationnel, ACDC a mis en place 4 organes statutaires qui sont op\u00e9rationnels, \u00e0 savoir :&nbsp;<\/p>\n\n\n\n<p><strong>1. L\u2019Assembl\u00e9e G\u00e9n\u00e9rale : <\/strong>c\u2019est l\u2019organe supr\u00eame de l\u2019organisation. Elle est compos\u00e9e de tous les membres de l\u2019ACDC.<\/p>\n\n\n\n<p><strong>2. Le Conseil d\u2019Administration <\/strong>: il est l\u2019organe dirigeant. Il est responsable de la conduite des affaires de l\u2019Association et garant de son patrimoine. Le conseil d\u2019administration est charg\u00e9 de d\u00e9finir et d\u2019orienter la politique g\u00e9n\u00e9rale de l\u2019Association. Il est compos\u00e9 de 09 membres plac\u00e9 sous la conduite du Pr\u00e9sident du Conseil d\u2019Administration.&nbsp;<\/p>\n\n\n\n<p><strong>3. Le Comit\u00e9 Directeur <\/strong>: c\u2019est l\u2019organe qui administre au quotidien les affaires de l\u2019Association, conform\u00e9ment aux responsabilit\u00e9s qui lui sont d\u00e9l\u00e9gu\u00e9es par le Conseil d\u2019Administration. Il comprend 08 membres plac\u00e9 sous la responsabilit\u00e9 du Directeur ex\u00e9cutif. Il met en oeuvre le programme d\u2019action de l\u2019organisation adopt\u00e9e par le Conseil d\u2019administration.&nbsp;<\/p>\n\n\n\n<p><strong>4. Le Coll\u00e8ge des Fondateurs : <\/strong>c\u2019est l\u2019organe charg\u00e9 de veiller \u00e0 la vision de l\u2019Organisation. Il est compos\u00e9 de tous les membres fondateurs, signataires de l\u2019Acte constitutif de l\u2019ACDC.&nbsp;<\/p>\n\n\n\n<p><\/p>\n\n\n\n<figure class=\"wp-block-image size-full\"><img loading=\"lazy\" decoding=\"async\" width=\"640\" height=\"480\" src=\"https:\/\/acdc-asbl.org\/wp-content\/uploads\/2022\/04\/IMG_0455.jpeg\" alt=\"\" class=\"wp-image-416\" srcset=\"https:\/\/acdc-asbl.org\/wp-content\/uploads\/2022\/04\/IMG_0455.jpeg 640w, https:\/\/acdc-asbl.org\/wp-content\/uploads\/2022\/04\/IMG_0455-300x225.jpeg 300w\" sizes=\"(max-width: 640px) 100vw, 640px\" \/><\/figure>\n\n\n\n<p><\/p>\n","protected":false},"excerpt":{"rendered":"<p>1.1. Historique&nbsp; La cr\u00e9ation de l\u2019ACDC remonte \u00e0 l\u2019ann\u00e9e 2016 pour r\u00e9pondre \u00e0 l\u2019accroissement du taux de pauvret\u00e9 extr\u00eame dans lequel vit la majorit\u00e9 des Etats, \u00e0 l\u2019instar de la RDC, l\u2019emp\u00eachant ainsi \u00e0 relever les d\u00e9fis du&#8230; <a class=\"read-more\" href=\"https:\/\/acdc-asbl.org\/fr\/das-sind-wir\/\">Read More<\/a><\/p>\n","protected":false},"author":1,"featured_media":0,"parent":0,"menu_order":0,"comment_status":"closed","ping_status":"closed","template":"","meta":{"footnotes":""},"class_list":["post-106","page","type-page","status-publish","hentry","no-comments"],"translation":{"provider":"WPGlobus","version":"3.0.0","language":"fr","enabled_languages":["de","fr","en"],"languages":{"de":{"title":true,"content":true,"excerpt":false},"fr":{"title":true,"content":true,"excerpt":false},"en":{"title":true,"content":true,"excerpt":false}}},"_links":{"self":[{"href":"https:\/\/acdc-asbl.org\/fr\/wp-json\/wp\/v2\/pages\/106"}],"collection":[{"href":"https:\/\/acdc-asbl.org\/fr\/wp-json\/wp\/v2\/pages"}],"about":[{"href":"https:\/\/acdc-asbl.org\/fr\/wp-json\/wp\/v2\/types\/page"}],"author":[{"embeddable":true,"href":"https:\/\/acdc-asbl.org\/fr\/wp-json\/wp\/v2\/users\/1"}],"replies":[{"embeddable":true,"href":"https:\/\/acdc-asbl.org\/fr\/wp-json\/wp\/v2\/comments?post=106"}],"version-history":[{"count":39,"href":"https:\/\/acdc-asbl.org\/fr\/wp-json\/wp\/v2\/pages\/106\/revisions"}],"predecessor-version":[{"id":803,"href":"https:\/\/acdc-asbl.org\/fr\/wp-json\/wp\/v2\/pages\/106\/revisions\/803"}],"wp:attachment":[{"href":"https:\/\/acdc-asbl.org\/fr\/wp-json\/wp\/v2\/media?parent=106"}],"curies":[{"name":"wp","href":"https:\/\/api.w.org\/{rel}","templated":true}]}}