{"id":108,"date":"2021-04-19T18:07:29","date_gmt":"2021-04-19T16:07:29","guid":{"rendered":"https:\/\/acdc-asbl.org\/?page_id=108"},"modified":"2022-04-19T12:26:05","modified_gmt":"2022-04-19T10:26:05","slug":"unsere-gremien","status":"publish","type":"page","link":"https:\/\/acdc-asbl.org\/fr\/unsere-gremien\/","title":{"rendered":"Les Organes de l\u2018ACDC :"},"content":{"rendered":"\n<p>Sur le plan structurel et organisationnel, ACDC a mis en place 4 organes statutaires qui sont op\u00e9rationnels, \u00e0 savoir :&nbsp;<\/p>\n\n\n\n<p><strong>1. L\u2019Assembl\u00e9e G\u00e9n\u00e9rale : <\/strong>c\u2019est l\u2019organe supr\u00eame de l\u2019organisation. Elle est compos\u00e9e de tous les membres de l\u2019ACDC.<\/p>\n\n\n\n<p><strong>2. Le Conseil d\u2019Administration <\/strong>: il est l\u2019organe dirigeant. Il est responsable de la conduite des affaires de l\u2019Association et garant de son patrimoine. Le conseil d\u2019administration est charg\u00e9 de d\u00e9finir et d\u2019orienter la politique g\u00e9n\u00e9rale de l\u2019Association. Il est compos\u00e9 de 09 membres plac\u00e9 sous la conduite du Pr\u00e9sident du Conseil d\u2019Administration.&nbsp;<\/p>\n\n\n\n<p><strong>3. Le Comit\u00e9 Directeur <\/strong>: c\u2019est l\u2019organe qui administre au quotidien les affaires de l\u2019Association, conform\u00e9ment aux responsabilit\u00e9s qui lui sont d\u00e9l\u00e9gu\u00e9es par le Conseil d\u2019Administration. Il comprend 08 membres plac\u00e9 sous la responsabilit\u00e9 du Directeur ex\u00e9cutif. Il met en oeuvre le programme d\u2019action de l\u2019organisation adopt\u00e9e par le Conseil d\u2019administration.&nbsp;<\/p>\n\n\n\n<p><strong>4. Le Coll\u00e8ge des Fondateurs : <\/strong>c\u2019est l\u2019organe charg\u00e9 de veiller \u00e0 la vision de l\u2019Organisation. Il est compos\u00e9 de tous les membres fondateurs, signataires de l\u2019Acte constitutif de l\u2019ACDC.\u00a0<\/p>\n\n\n\n<div data-wp-interactive=\"core\/file\" class=\"wp-block-file\"><object data-wp-bind--hidden=\"!state.hasPdfPreview\"  class=\"wp-block-file__embed\" data=\"https:\/\/acdc-asbl.org\/wp-content\/uploads\/2022\/04\/ORGANIGRAMME-ACDC-2022.pdf\" type=\"application\/pdf\" style=\"width:100%;height:600px\" aria-label=\"Embed of Einbettung von ORGANIGRAMME-ACDC-2022..\"><\/object><a href=\"https:\/\/acdc-asbl.org\/wp-content\/uploads\/2022\/04\/ORGANIGRAMME-ACDC-2022.pdf\">ORGANIGRAMME-ACDC-2022<\/a><a href=\"https:\/\/acdc-asbl.org\/wp-content\/uploads\/2022\/04\/ORGANIGRAMME-ACDC-2022.pdf\" class=\"wp-block-file__button\" download>Herunterladen<\/a><\/div>\n","protected":false},"excerpt":{"rendered":"<p>Sur le plan structurel et organisationnel, ACDC a mis en place 4 organes statutaires qui sont op\u00e9rationnels, \u00e0 savoir :&nbsp; 1. L\u2019Assembl\u00e9e G\u00e9n\u00e9rale : c\u2019est l\u2019organe supr\u00eame de l\u2019organisation. Elle est compos\u00e9e de tous les membres de l\u2019ACDC&#8230;. <a class=\"read-more\" href=\"https:\/\/acdc-asbl.org\/fr\/unsere-gremien\/\">Read More<\/a><\/p>\n","protected":false},"author":1,"featured_media":0,"parent":0,"menu_order":0,"comment_status":"closed","ping_status":"closed","template":"","meta":{"footnotes":""},"class_list":["post-108","page","type-page","status-publish","hentry","no-comments"],"translation":{"provider":"WPGlobus","version":"3.0.0","language":"fr","enabled_languages":["de","fr","en"],"languages":{"de":{"title":true,"content":true,"excerpt":false},"fr":{"title":true,"content":true,"excerpt":false},"en":{"title":true,"content":true,"excerpt":false}}},"_links":{"self":[{"href":"https:\/\/acdc-asbl.org\/fr\/wp-json\/wp\/v2\/pages\/108"}],"collection":[{"href":"https:\/\/acdc-asbl.org\/fr\/wp-json\/wp\/v2\/pages"}],"about":[{"href":"https:\/\/acdc-asbl.org\/fr\/wp-json\/wp\/v2\/types\/page"}],"author":[{"embeddable":true,"href":"https:\/\/acdc-asbl.org\/fr\/wp-json\/wp\/v2\/users\/1"}],"replies":[{"embeddable":true,"href":"https:\/\/acdc-asbl.org\/fr\/wp-json\/wp\/v2\/comments?post=108"}],"version-history":[{"count":16,"href":"https:\/\/acdc-asbl.org\/fr\/wp-json\/wp\/v2\/pages\/108\/revisions"}],"predecessor-version":[{"id":450,"href":"https:\/\/acdc-asbl.org\/fr\/wp-json\/wp\/v2\/pages\/108\/revisions\/450"}],"wp:attachment":[{"href":"https:\/\/acdc-asbl.org\/fr\/wp-json\/wp\/v2\/media?parent=108"}],"curies":[{"name":"wp","href":"https:\/\/api.w.org\/{rel}","templated":true}]}}