{"id":30,"date":"2020-06-25T08:27:26","date_gmt":"2020-06-25T06:27:26","guid":{"rendered":"http:\/\/acdc-asbl.org\/?page_id=30"},"modified":"2022-04-11T11:34:07","modified_gmt":"2022-04-11T09:34:07","slug":"ueber-uns","status":"publish","type":"page","link":"https:\/\/acdc-asbl.org\/fr\/ueber-uns\/","title":{"rendered":"AU SUJET DE L\u2018ACDC-ASBL"},"content":{"rendered":"\n<p>Cr\u00e9e le 02 Novembre 2016 par l\u2018Abb\u00e9 Jean-R\u00e9my Kokaya Dalo, pr\u00eatre du dioc\u00e8se de Molegbe en R\u00e9publique D\u00e9mokratique du Congo, l\u2018ACDC-ASBL est une association chr\u00e9tienne de d\u00e9veloppement communautaire sans but lucratif (ONGD).<\/p>\n\n\n\n<p>L\u2018ACDC-ASBL a son Si\u00e8ge \u00e0 Yakoma dans la province du Nord-Ubangui, un bureau de repr\u00e9sentation \u00e0 Gbadolite et \u00e0 Kinshasa en R\u00e9publique D\u00e9mocratique du Congo.<\/p>\n\n\n\n<figure class=\"wp-block-image size-full\"><img loading=\"lazy\" decoding=\"async\" width=\"640\" height=\"480\" src=\"https:\/\/acdc-asbl.org\/wp-content\/uploads\/2022\/04\/IMG_0454.jpeg\" alt=\"\" class=\"wp-image-371\" srcset=\"https:\/\/acdc-asbl.org\/wp-content\/uploads\/2022\/04\/IMG_0454.jpeg 640w, https:\/\/acdc-asbl.org\/wp-content\/uploads\/2022\/04\/IMG_0454-300x225.jpeg 300w\" sizes=\"(max-width: 640px) 100vw, 640px\" \/><\/figure>\n","protected":false},"excerpt":{"rendered":"<p>Cr\u00e9e le 02 Novembre 2016 par l\u2018Abb\u00e9 Jean-R\u00e9my Kokaya Dalo, pr\u00eatre du dioc\u00e8se de Molegbe en R\u00e9publique D\u00e9mokratique du Congo, l\u2018ACDC-ASBL est une association chr\u00e9tienne de d\u00e9veloppement communautaire sans but lucratif (ONGD). L\u2018ACDC-ASBL a son Si\u00e8ge \u00e0 Yakoma&#8230; <a class=\"read-more\" href=\"https:\/\/acdc-asbl.org\/fr\/ueber-uns\/\">Read More<\/a><\/p>\n","protected":false},"author":1,"featured_media":0,"parent":0,"menu_order":0,"comment_status":"closed","ping_status":"closed","template":"","meta":{"footnotes":""},"class_list":["post-30","page","type-page","status-publish","hentry","no-comments"],"translation":{"provider":"WPGlobus","version":"3.0.0","language":"fr","enabled_languages":["de","fr","en"],"languages":{"de":{"title":false,"content":true,"excerpt":false},"fr":{"title":true,"content":true,"excerpt":false},"en":{"title":true,"content":true,"excerpt":false}}},"_links":{"self":[{"href":"https:\/\/acdc-asbl.org\/fr\/wp-json\/wp\/v2\/pages\/30"}],"collection":[{"href":"https:\/\/acdc-asbl.org\/fr\/wp-json\/wp\/v2\/pages"}],"about":[{"href":"https:\/\/acdc-asbl.org\/fr\/wp-json\/wp\/v2\/types\/page"}],"author":[{"embeddable":true,"href":"https:\/\/acdc-asbl.org\/fr\/wp-json\/wp\/v2\/users\/1"}],"replies":[{"embeddable":true,"href":"https:\/\/acdc-asbl.org\/fr\/wp-json\/wp\/v2\/comments?post=30"}],"version-history":[{"count":12,"href":"https:\/\/acdc-asbl.org\/fr\/wp-json\/wp\/v2\/pages\/30\/revisions"}],"predecessor-version":[{"id":376,"href":"https:\/\/acdc-asbl.org\/fr\/wp-json\/wp\/v2\/pages\/30\/revisions\/376"}],"wp:attachment":[{"href":"https:\/\/acdc-asbl.org\/fr\/wp-json\/wp\/v2\/media?parent=30"}],"curies":[{"name":"wp","href":"https:\/\/api.w.org\/{rel}","templated":true}]}}