{"id":31,"date":"2020-06-25T08:27:26","date_gmt":"2020-06-25T06:27:26","guid":{"rendered":"http:\/\/acdc-asbl.org\/?page_id=31"},"modified":"2022-09-13T11:21:14","modified_gmt":"2022-09-13T09:21:14","slug":"kontakt","status":"publish","type":"page","link":"https:\/\/acdc-asbl.org\/fr\/kontakt\/","title":{"rendered":"Nos contacts"},"content":{"rendered":"\n<h2 class=\"wp-block-heading\"><strong>NOTRE SI\u00c8GE <\/strong>:<\/h2>\n\n\n\n<p><strong>Quartier Yamingu, Territoire de Yakoma, <\/strong><\/p>\n\n\n\n<p><strong>Province du Nord-Ubangi en R\u00e9publique D\u00e9mocratique du Congo <\/strong> <\/p>\n\n\n\n<p>Bureau de coordination Yakoma: <\/p>\n\n\n\n<ol class=\"wp-block-list\"><li>Jimmy Nzolo <\/li><li>Louise Kokaya<\/li><\/ol>\n\n\n\n<p>T\u00e9l. +243 (0) 847 777 418 \/ +243 (0) 840 576 181<\/p>\n\n\n\n<p>E-Mail : coordination.yakoma@acdc-asbl.org<\/p>\n\n\n\n<p>Adresse : Q\/Yamingu, Yakoma, Province du Nord-Ubangi, RDC<\/p>\n\n\n\n<p><strong>Bureau de repr\u00e9sentation Gbadolite :<\/strong><\/p>\n\n\n\n<ol class=\"wp-block-list\"><li>Mgr Monulphe Ngalo Talo Ngandi<\/li><\/ol>\n\n\n\n<p>2. Soeur Henriette Sadi  <\/p>\n\n\n\n<p>Adresse : Av. Mwanda Bloc C N\u00b0 60<\/p>\n\n\n\n<p>T\u00e9l. +243825291092<\/p>\n\n\n\n<p>E-Mail : Monulphe.ngalo@acdc-asbl.org<\/p>\n\n\n\n<p><strong>Bureau de repr\u00e9sentation Kinshasa :<\/strong> <\/p>\n\n\n\n<ol class=\"wp-block-list\"><li>Prof. Josu\u00e9 Adolphe Voto Tongba<\/li><\/ol>\n\n\n\n<p>2. Tatiana Elibo Iyamba<\/p>\n\n\n\n<p>3. Samuel Kokaya<\/p>\n\n\n\n<p>Adresse : N\u00b0 2 Bis, Av. Universit\u00e9, Q\/Mososo, C\/Limete, Kinshasa, RDC  <\/p>\n\n\n\n<p>T\u00e9l. +243 (0) 817 126 728<\/p>\n\n\n\n<p><strong>E-Mail :<\/strong> info@acdc-asbl.org<\/p>\n\n\n\n<p><\/p>\n\n\n\n<h2 class=\"wp-block-heading\"><strong>EN ALLEMAGNE<\/strong><\/h2>\n\n\n\n<p>Abb\u00e9 Jean-R\u00e9my Kokaya Dalo<\/p>\n\n\n\n<p>Sandra Fischer<\/p>\n\n\n\n<p>Adresse : Furtbrunnen 6, 71093 Weil im Sch\u00f6nbuch<\/p>\n\n\n\n<p>Tel.  +49 (0) 7157 7053789<\/p>\n\n\n\n<p><strong>E-Mail<\/strong> : kokaya@acdc-asbl.org<\/p>\n\n\n\n<p>Web. : www.acdc-asbl.org<\/p>\n","protected":false},"excerpt":{"rendered":"<p>NOTRE SI\u00c8GE : Quartier Yamingu, Territoire de Yakoma, Province du Nord-Ubangi en R\u00e9publique D\u00e9mocratique du Congo Bureau de coordination Yakoma: Jimmy Nzolo Louise Kokaya T\u00e9l. +243 (0) 847 777 418 \/ +243 (0) 840 576 181 E-Mail :&#8230; <a class=\"read-more\" href=\"https:\/\/acdc-asbl.org\/fr\/kontakt\/\">Read More<\/a><\/p>\n","protected":false},"author":2,"featured_media":0,"parent":0,"menu_order":0,"comment_status":"closed","ping_status":"closed","template":"","meta":{"footnotes":""},"class_list":["post-31","page","type-page","status-publish","hentry","no-comments"],"translation":{"provider":"WPGlobus","version":"3.0.0","language":"fr","enabled_languages":["de","fr","en"],"languages":{"de":{"title":true,"content":true,"excerpt":false},"fr":{"title":true,"content":true,"excerpt":false},"en":{"title":true,"content":true,"excerpt":false}}},"_links":{"self":[{"href":"https:\/\/acdc-asbl.org\/fr\/wp-json\/wp\/v2\/pages\/31"}],"collection":[{"href":"https:\/\/acdc-asbl.org\/fr\/wp-json\/wp\/v2\/pages"}],"about":[{"href":"https:\/\/acdc-asbl.org\/fr\/wp-json\/wp\/v2\/types\/page"}],"author":[{"embeddable":true,"href":"https:\/\/acdc-asbl.org\/fr\/wp-json\/wp\/v2\/users\/2"}],"replies":[{"embeddable":true,"href":"https:\/\/acdc-asbl.org\/fr\/wp-json\/wp\/v2\/comments?post=31"}],"version-history":[{"count":32,"href":"https:\/\/acdc-asbl.org\/fr\/wp-json\/wp\/v2\/pages\/31\/revisions"}],"predecessor-version":[{"id":574,"href":"https:\/\/acdc-asbl.org\/fr\/wp-json\/wp\/v2\/pages\/31\/revisions\/574"}],"wp:attachment":[{"href":"https:\/\/acdc-asbl.org\/fr\/wp-json\/wp\/v2\/media?parent=31"}],"curies":[{"name":"wp","href":"https:\/\/api.w.org\/{rel}","templated":true}]}}