{"id":39,"date":"2020-06-25T08:27:26","date_gmt":"2020-06-25T06:27:26","guid":{"rendered":"http:\/\/acdc-asbl.org\/?page_id=39"},"modified":"2022-05-04T11:45:28","modified_gmt":"2022-05-04T09:45:28","slug":"dienste","status":"publish","type":"page","link":"https:\/\/acdc-asbl.org\/fr\/dienste\/","title":{"rendered":"Domaines d\u2018intervention"},"content":{"rendered":"\n<p>Les secteurs d\u2019activit\u00e9s\u00a0de l\u2018ACDC-ASBL sont :<\/p>\n\n\n\n<ol class=\"wp-block-list\"><li>L\u2019\u00e9vang\u00e9lisation et la culture de la Paix\u00a0;<\/li><li>L\u2019environnement, l\u2019eau et l\u2019\u00e9nergie\u00a0;<\/li><li>L\u2019\u00e9ducation, l\u2019emploi et la jeunesse\u00a0; <\/li><li>La sant\u00e9 et la s\u00e9curit\u00e9 alimentaire\u00a0;<\/li><li>Genre, Enfant et \u00c9lection.<\/li><\/ol>\n\n\n\n<p><\/p>\n","protected":false},"excerpt":{"rendered":"<p>Les secteurs d\u2019activit\u00e9s\u00a0de l\u2018ACDC-ASBL sont : L\u2019\u00e9vang\u00e9lisation et la culture de la Paix\u00a0; L\u2019environnement, l\u2019eau et l\u2019\u00e9nergie\u00a0; L\u2019\u00e9ducation, l\u2019emploi et la jeunesse\u00a0; La sant\u00e9 et la s\u00e9curit\u00e9 alimentaire\u00a0; Genre, Enfant et \u00c9lection.<\/p>\n","protected":false},"author":1,"featured_media":0,"parent":0,"menu_order":0,"comment_status":"closed","ping_status":"closed","template":"","meta":{"footnotes":""},"class_list":["post-39","page","type-page","status-publish","hentry","no-comments"],"translation":{"provider":"WPGlobus","version":"3.0.0","language":"fr","enabled_languages":["de","fr","en"],"languages":{"de":{"title":true,"content":true,"excerpt":false},"fr":{"title":true,"content":true,"excerpt":false},"en":{"title":true,"content":true,"excerpt":false}}},"_links":{"self":[{"href":"https:\/\/acdc-asbl.org\/fr\/wp-json\/wp\/v2\/pages\/39"}],"collection":[{"href":"https:\/\/acdc-asbl.org\/fr\/wp-json\/wp\/v2\/pages"}],"about":[{"href":"https:\/\/acdc-asbl.org\/fr\/wp-json\/wp\/v2\/types\/page"}],"author":[{"embeddable":true,"href":"https:\/\/acdc-asbl.org\/fr\/wp-json\/wp\/v2\/users\/1"}],"replies":[{"embeddable":true,"href":"https:\/\/acdc-asbl.org\/fr\/wp-json\/wp\/v2\/comments?post=39"}],"version-history":[{"count":8,"href":"https:\/\/acdc-asbl.org\/fr\/wp-json\/wp\/v2\/pages\/39\/revisions"}],"predecessor-version":[{"id":478,"href":"https:\/\/acdc-asbl.org\/fr\/wp-json\/wp\/v2\/pages\/39\/revisions\/478"}],"wp:attachment":[{"href":"https:\/\/acdc-asbl.org\/fr\/wp-json\/wp\/v2\/media?parent=39"}],"curies":[{"name":"wp","href":"https:\/\/api.w.org\/{rel}","templated":true}]}}