{"id":549,"date":"2022-07-07T12:02:51","date_gmt":"2022-07-07T10:02:51","guid":{"rendered":"https:\/\/acdc-asbl.org\/?page_id=549"},"modified":"2022-09-13T11:23:38","modified_gmt":"2022-09-13T09:23:38","slug":"impressum","status":"publish","type":"page","link":"https:\/\/acdc-asbl.org\/fr\/impressum\/","title":{"rendered":"<strong>Verantwortlich f\u00fcr diese Seite\/das Projekt:<\/strong>"},"content":{"rendered":"\n<p>Pfarrer Jean-R\u00e9my Kokaya Dalo<\/p>\n\n\n\n<p>In Deutschland:<br>Furtbrunnen 6<br>71093 Weil im Sch\u00f6nbuch<br>Tel.: 07157\/7053789<br>Email: kokaya@acdc-asbl.org<\/p>\n\n\n\n<p>kathpfarramt.waldenbuch-steinenbronn@drs.de<\/p>\n\n\n\n<p>In der Demokratischen Republik Kongo:<br>AV. De Universit\u00e9 No 2E<br>Quartier MOSOSO<\/p>\n\n\n\n<p>Comune de Limette-Kinshasa<br>R\u00e9p. D\u00e9m. du Congo<br>Tel: +243 814 778 255<br>+243 843 305 017<\/p>\n\n\n\n<p><\/p>\n\n\n\n<hr class=\"wp-block-separator has-alpha-channel-opacity\"\/>\n\n\n\n<p>Layout und Text:&nbsp;<br>Sandra Fischer, FischersMarketing<\/p>\n\n\n\n<p>Georg-Pf\u00e4fflin-Weg 4<br>71111 Waldenbuch<\/p>\n\n\n\n<p>Telefon: 07157\/535718<br>E-Mail: s.fischer@fischersmarketing.de<\/p>\n\n\n\n<h2 class=\"wp-block-heading\">Haftungsbeschr\u00e4nkung<\/h2>\n\n\n\n<p>F\u00fcr Vollst\u00e4ndigkeit, Fehler redaktioneller und technischer Art, Auslassungen usw. sowie die Richtigkeit der Eintragungen kann keine Haftung \u00fcbernommen werden. Insbesondere kann keine Gew\u00e4hr f\u00fcr die Vollst\u00e4ndigkeit und Richtigkeit von Informationen \u00fcbernommen werden, die \u00fcber weiterf\u00fchrende Querverweise, sogenannte Hyperlinks, erreicht werden. Unser Angebot umfasst solche Hyperlinks zu anderen Angeboten im Internet. Als Anbieter sind wir f\u00fcr die eigenen Inhalte, die sie zur Nutzung bereithalten, nach den allgemeinen Gesetzen verantwortlich. Von diesen eigenen Inhalten sind die Querverweise auf die von anderen Anbietern bereitgehaltenen Inhalte zu unterscheiden. Das Landgericht (LG) Hamburg hat in einem Urteil vom 12. Mai 1998 (Az.: 312 O 85\/98) entschieden, dass die Anbringung eines Links dazu f\u00fchren kann, dass der Verlinkende die Inhalte der Seite, auf die er verlinkt, ggf. mit zu verantworten hat, es sei denn, er schlie\u00dft diese Verantwortung ausdr\u00fccklich aus. Auch wenn wir bestrebt sind, stets inhaltlich unbedenkliche Links anzubieten, erkl\u00e4ren wir hiermit, dass wir f\u00fcr die Inhalte der verlinkten Websites keine Verantwortung \u00fcbernehmen und uns diese nicht zu eigen machen. Die Verweise durch Hyperlinks auf Inhalte fremder Webseiten dienen lediglich der Information. Die Verantwortlichkeit f\u00fcr diese fremden Inhalte liegt alleine bei dem Anbieter, der die Inhalte bereith\u00e4lt. Vor dem Einrichten des entsprechenden Verweises sind die Web-Seiten der anderen Anbieter mit gro\u00dfer Sorgfalt und nach bestem Wissen und Gewissen \u00fcberpr\u00fcft worden. Es kann jedoch keine Gew\u00e4hr f\u00fcr die Vollst\u00e4ndigkeit und Richtigkeit von Informationen \u00fcbernommen werden, die \u00fcber weiterf\u00fchrende Hyperlinks erreicht werden. Der Inhalt der anderen Web-Seiten kann jederzeit ohne Wissen der Redaktion des BVerwG ge\u00e4ndert werden. F\u00fcr s\u00e4mtliche Hyperlinks auf diesen Seiten gilt: Wir betonen, dass wir keinen Einfluss auf die Gestaltung und die Inhalte der durch Hyperlinks von unserer Homepage aus erreichbaren Seiten anderer Anbieter haben und uns deren Inhalt nicht zu eigen machen. Diese Erkl\u00e4rung gilt f\u00fcr alle Seiten dieser Homepage und die dort angebrachten Hyperlinks. In keinem Fall sind wir verantwortlich f\u00fcr die Inhalte von Internetseiten, die auf uns verweisen. Wir sind auch nicht in der Lage, Verweise auf uns festzustellen oder zu \u00fcberpr\u00fcfen. Wir haben ferner keinen Einfluss darauf, wie die hier angebotenen Informationen vom Nutzer verwendet, weitergegeben oder ver\u00e4ndert weitergegeben werden und k\u00f6nnen daher f\u00fcr entstandene Sch\u00e4den, entgangene Vorteile oder sonstige mittelbare oder unmittelbare Folgen, welche aus der Nutzung der hier angebotenen Informationen entstehen, nicht haftbar gemacht werden.&nbsp;<\/p>\n\n\n\n<h2 class=\"wp-block-heading\">Verarbeitung pers\u00f6nlicher Daten<\/h2>\n\n\n\n<p>Der Schutz der Privatsph\u00e4re bei der Verarbeitung pers\u00f6nlicher Daten ist f\u00fcr uns sehr wichtig. Wir verarbeiten pers\u00f6nliche Daten, die beim Besuch unserer Webseiten erhoben werden, gem\u00e4\u00df den gesetzlichen Bestimmungen. Unsere Webseiten k\u00f6nnen Links zu Webseiten anderer Anbieter und eingebundene Dienste enthalten, auf die sich diese Datenschutzerkl\u00e4rung nicht erstreckt (siehe Haftungsbeschr\u00e4nkung). Die Webseite www.drs.de kann frei von jeder personenbeziehbaren Protokollierung genutzt werden. Daten f\u00fcr die Webstatistik werden anonym (ohne IP-Adresse) erhoben und dienen der Evaluierung des Angebotes. F\u00fcr die Erhebung einer Webstatistik wird die Software Matomo unter Verwendung eines Anonymisierungstools eingesetzt. Cookies werden von uns verwendet, um die Anzeige von Internetseiten zu optimieren. Sie sind seitens des Nutzers nicht notwendig, um die Inhalte betrachten zu k\u00f6nnen. Pers\u00f6nliche Daten werden nur dann gespeichert, wenn dies vom Nutzer selbst vorgenommen wird, zum Beispiel im Zuge einer Kontaktaufnahme per Formular.<\/p>\n","protected":false},"excerpt":{"rendered":"<p>Pfarrer Jean-R\u00e9my Kokaya Dalo In Deutschland:Furtbrunnen 671093 Weil im Sch\u00f6nbuchTel.: 07157\/7053789Email: kokaya@acdc-asbl.org kathpfarramt.waldenbuch-steinenbronn@drs.de In der Demokratischen Republik Kongo:AV. De Universit\u00e9 No 2EQuartier MOSOSO Comune de Limette-KinshasaR\u00e9p. D\u00e9m. du CongoTel: +243 814 778 255+243 843 305 017 Layout und&#8230; <a class=\"read-more\" href=\"https:\/\/acdc-asbl.org\/fr\/impressum\/\">Read More<\/a><\/p>\n","protected":false},"author":1,"featured_media":0,"parent":0,"menu_order":0,"comment_status":"closed","ping_status":"closed","template":"","meta":{"footnotes":""},"class_list":["post-549","page","type-page","status-publish","hentry","no-comments"],"translation":{"provider":"WPGlobus","version":"3.0.0","language":"fr","enabled_languages":["de","fr","en"],"languages":{"de":{"title":true,"content":true,"excerpt":false},"fr":{"title":true,"content":true,"excerpt":false},"en":{"title":true,"content":true,"excerpt":false}}},"_links":{"self":[{"href":"https:\/\/acdc-asbl.org\/fr\/wp-json\/wp\/v2\/pages\/549"}],"collection":[{"href":"https:\/\/acdc-asbl.org\/fr\/wp-json\/wp\/v2\/pages"}],"about":[{"href":"https:\/\/acdc-asbl.org\/fr\/wp-json\/wp\/v2\/types\/page"}],"author":[{"embeddable":true,"href":"https:\/\/acdc-asbl.org\/fr\/wp-json\/wp\/v2\/users\/1"}],"replies":[{"embeddable":true,"href":"https:\/\/acdc-asbl.org\/fr\/wp-json\/wp\/v2\/comments?post=549"}],"version-history":[{"count":6,"href":"https:\/\/acdc-asbl.org\/fr\/wp-json\/wp\/v2\/pages\/549\/revisions"}],"predecessor-version":[{"id":577,"href":"https:\/\/acdc-asbl.org\/fr\/wp-json\/wp\/v2\/pages\/549\/revisions\/577"}],"wp:attachment":[{"href":"https:\/\/acdc-asbl.org\/fr\/wp-json\/wp\/v2\/media?parent=549"}],"curies":[{"name":"wp","href":"https:\/\/api.w.org\/{rel}","templated":true}]}}