{"id":582,"date":"2022-12-16T10:16:21","date_gmt":"2022-12-16T09:16:21","guid":{"rendered":"https:\/\/acdc-asbl.org\/?page_id=582"},"modified":"2023-06-13T10:52:17","modified_gmt":"2023-06-13T08:52:17","slug":"jobs","status":"publish","type":"page","link":"https:\/\/acdc-asbl.org\/fr\/jobs\/","title":{"rendered":"Emplois"},"content":{"rendered":"\n<p>Nous recherchons un(e) b\u00e9n\u00e9vole ayant de l&#8217;exp\u00e9rience dans la gestion de projets et ma\u00eetrisant le fran\u00e7ais.<\/p>\n","protected":false},"excerpt":{"rendered":"<p>Nous recherchons un(e) b\u00e9n\u00e9vole ayant de l&#8217;exp\u00e9rience dans la gestion de projets et ma\u00eetrisant le fran\u00e7ais.<\/p>\n","protected":false},"author":1,"featured_media":0,"parent":0,"menu_order":0,"comment_status":"closed","ping_status":"closed","template":"","meta":{"footnotes":""},"class_list":["post-582","page","type-page","status-publish","hentry","no-comments"],"translation":{"provider":"WPGlobus","version":"3.0.0","language":"fr","enabled_languages":["de","fr","en"],"languages":{"de":{"title":true,"content":true,"excerpt":false},"fr":{"title":true,"content":true,"excerpt":false},"en":{"title":true,"content":true,"excerpt":false}}},"_links":{"self":[{"href":"https:\/\/acdc-asbl.org\/fr\/wp-json\/wp\/v2\/pages\/582"}],"collection":[{"href":"https:\/\/acdc-asbl.org\/fr\/wp-json\/wp\/v2\/pages"}],"about":[{"href":"https:\/\/acdc-asbl.org\/fr\/wp-json\/wp\/v2\/types\/page"}],"author":[{"embeddable":true,"href":"https:\/\/acdc-asbl.org\/fr\/wp-json\/wp\/v2\/users\/1"}],"replies":[{"embeddable":true,"href":"https:\/\/acdc-asbl.org\/fr\/wp-json\/wp\/v2\/comments?post=582"}],"version-history":[{"count":7,"href":"https:\/\/acdc-asbl.org\/fr\/wp-json\/wp\/v2\/pages\/582\/revisions"}],"predecessor-version":[{"id":715,"href":"https:\/\/acdc-asbl.org\/fr\/wp-json\/wp\/v2\/pages\/582\/revisions\/715"}],"wp:attachment":[{"href":"https:\/\/acdc-asbl.org\/fr\/wp-json\/wp\/v2\/media?parent=582"}],"curies":[{"name":"wp","href":"https:\/\/api.w.org\/{rel}","templated":true}]}}