{"id":750,"date":"2023-12-05T10:17:12","date_gmt":"2023-12-05T09:17:12","guid":{"rendered":"https:\/\/acdc-asbl.org\/?page_id=750"},"modified":"2023-12-05T11:04:57","modified_gmt":"2023-12-05T10:04:57","slug":"unser-vorstand","status":"publish","type":"page","link":"https:\/\/acdc-asbl.org\/fr\/unser-vorstand\/","title":{"rendered":"Repr\u00e9sentant du conseil d&#8217;administration"},"content":{"rendered":"\n<p><\/p>\n\n\n\n<figure class=\"wp-block-image size-full is-resized\"><img loading=\"lazy\" decoding=\"async\" width=\"720\" height=\"974\" src=\"https:\/\/acdc-asbl.org\/wp-content\/uploads\/2023\/12\/eda51865-8528-4d03-91de-59f825ebcf41-1.png\" alt=\"\" class=\"wp-image-772\" style=\"aspect-ratio:0.7392197125256673;width:241px;height:auto\" srcset=\"https:\/\/acdc-asbl.org\/wp-content\/uploads\/2023\/12\/eda51865-8528-4d03-91de-59f825ebcf41-1.png 720w, https:\/\/acdc-asbl.org\/wp-content\/uploads\/2023\/12\/eda51865-8528-4d03-91de-59f825ebcf41-1-222x300.png 222w, https:\/\/acdc-asbl.org\/wp-content\/uploads\/2023\/12\/eda51865-8528-4d03-91de-59f825ebcf41-1-473x640.png 473w\" sizes=\"(max-width: 720px) 100vw, 720px\" \/><\/figure>\n\n\n\n<p>Pr\u00e9sident<br>Abb\u00e9 Jean-R\u00e9my Kokaya Dalo<br><\/p>\n\n\n\n<hr class=\"wp-block-separator has-alpha-channel-opacity\"\/>\n\n\n\n<figure class=\"wp-block-image size-full is-resized\"><img loading=\"lazy\" decoding=\"async\" width=\"693\" height=\"1004\" src=\"https:\/\/acdc-asbl.org\/wp-content\/uploads\/2023\/12\/c3937bd3-5dbc-47a0-aafb-b2af0d215ac9-1.png\" alt=\"\" class=\"wp-image-774\" style=\"aspect-ratio:0.6902390438247012;width:255px;height:auto\" srcset=\"https:\/\/acdc-asbl.org\/wp-content\/uploads\/2023\/12\/c3937bd3-5dbc-47a0-aafb-b2af0d215ac9-1.png 693w, https:\/\/acdc-asbl.org\/wp-content\/uploads\/2023\/12\/c3937bd3-5dbc-47a0-aafb-b2af0d215ac9-1-207x300.png 207w, https:\/\/acdc-asbl.org\/wp-content\/uploads\/2023\/12\/c3937bd3-5dbc-47a0-aafb-b2af0d215ac9-1-442x640.png 442w\" sizes=\"(max-width: 693px) 100vw, 693px\" \/><\/figure>\n\n\n\n<p>Vice-Pr\u00e9sident \u00e0 Gbadolite,  RD Congo<br>Mgr Monulphe Ngalo<\/p>\n\n\n\n<hr class=\"wp-block-separator has-alpha-channel-opacity\"\/>\n\n\n\n<figure class=\"wp-block-image size-full is-resized\"><img loading=\"lazy\" decoding=\"async\" width=\"353\" height=\"438\" src=\"https:\/\/acdc-asbl.org\/wp-content\/uploads\/2023\/12\/d7d72851-082b-4432-a268-d0e1b732c7c9-1.png\" alt=\"\" class=\"wp-image-775\" style=\"aspect-ratio:0.8059360730593608;width:246px;height:auto\" srcset=\"https:\/\/acdc-asbl.org\/wp-content\/uploads\/2023\/12\/d7d72851-082b-4432-a268-d0e1b732c7c9-1.png 353w, https:\/\/acdc-asbl.org\/wp-content\/uploads\/2023\/12\/d7d72851-082b-4432-a268-d0e1b732c7c9-1-242x300.png 242w\" sizes=\"(max-width: 353px) 100vw, 353px\" \/><\/figure>\n\n\n\n<p>Directeur Ex\u00e9cutif \u00e0 Kinshasa, RD Congo<br>Prof. Jos\u00e9 Adolphe Voto<\/p>\n\n\n\n<hr class=\"wp-block-separator has-alpha-channel-opacity\"\/>\n\n\n\n<figure class=\"wp-block-image size-full is-resized\"><img loading=\"lazy\" decoding=\"async\" width=\"309\" height=\"410\" src=\"https:\/\/acdc-asbl.org\/wp-content\/uploads\/2023\/12\/13452678-de03-47e3-b64d-217c2180d3ce-1.png\" alt=\"\" class=\"wp-image-778\" style=\"aspect-ratio:0.7536585365853659;width:246px;height:auto\" srcset=\"https:\/\/acdc-asbl.org\/wp-content\/uploads\/2023\/12\/13452678-de03-47e3-b64d-217c2180d3ce-1.png 309w, https:\/\/acdc-asbl.org\/wp-content\/uploads\/2023\/12\/13452678-de03-47e3-b64d-217c2180d3ce-1-226x300.png 226w\" sizes=\"(max-width: 309px) 100vw, 309px\" \/><\/figure>\n\n\n\n<p>Coordinatrice Provinciale \u00e0 Yakoma, RD Congo<br>Louise Kokaya Kpaleni<\/p>\n\n\n\n<hr class=\"wp-block-separator has-alpha-channel-opacity\"\/>\n\n\n\n<figure class=\"wp-block-image size-large is-resized\"><img loading=\"lazy\" decoding=\"async\" width=\"683\" height=\"1024\" src=\"https:\/\/acdc-asbl.org\/wp-content\/uploads\/2023\/12\/89ebdddb-3ee9-4f85-bb02-db7e427f4d5a-1-683x1024.png\" alt=\"\" class=\"wp-image-780\" style=\"aspect-ratio:0.6669921875;width:256px;height:auto\" srcset=\"https:\/\/acdc-asbl.org\/wp-content\/uploads\/2023\/12\/89ebdddb-3ee9-4f85-bb02-db7e427f4d5a-1-683x1024.png 683w, https:\/\/acdc-asbl.org\/wp-content\/uploads\/2023\/12\/89ebdddb-3ee9-4f85-bb02-db7e427f4d5a-1-200x300.png 200w, https:\/\/acdc-asbl.org\/wp-content\/uploads\/2023\/12\/89ebdddb-3ee9-4f85-bb02-db7e427f4d5a-1-768x1151.png 768w, https:\/\/acdc-asbl.org\/wp-content\/uploads\/2023\/12\/89ebdddb-3ee9-4f85-bb02-db7e427f4d5a-1-1025x1536.png 1025w, https:\/\/acdc-asbl.org\/wp-content\/uploads\/2023\/12\/89ebdddb-3ee9-4f85-bb02-db7e427f4d5a-1-1367x2048.png 1367w, https:\/\/acdc-asbl.org\/wp-content\/uploads\/2023\/12\/89ebdddb-3ee9-4f85-bb02-db7e427f4d5a-1-1201x1800.png 1201w, https:\/\/acdc-asbl.org\/wp-content\/uploads\/2023\/12\/89ebdddb-3ee9-4f85-bb02-db7e427f4d5a-1-801x1200.png 801w, https:\/\/acdc-asbl.org\/wp-content\/uploads\/2023\/12\/89ebdddb-3ee9-4f85-bb02-db7e427f4d5a-1-427x640.png 427w\" sizes=\"(max-width: 683px) 100vw, 683px\" \/><\/figure>\n\n\n\n<p>Coordinatrice en Allemagne<br>Sandra Fischer<\/p>\n","protected":false},"excerpt":{"rendered":"<p>Pr\u00e9sidentAbb\u00e9 Jean-R\u00e9my Kokaya Dalo Vice-Pr\u00e9sident \u00e0 Gbadolite, RD CongoMgr Monulphe Ngalo Directeur Ex\u00e9cutif \u00e0 Kinshasa, RD CongoProf. Jos\u00e9 Adolphe Voto Coordinatrice Provinciale \u00e0 Yakoma, RD CongoLouise Kokaya Kpaleni Coordinatrice en AllemagneSandra Fischer<\/p>\n","protected":false},"author":1,"featured_media":0,"parent":0,"menu_order":0,"comment_status":"closed","ping_status":"closed","template":"","meta":{"footnotes":""},"class_list":["post-750","page","type-page","status-publish","hentry","no-comments"],"translation":{"provider":"WPGlobus","version":"3.0.0","language":"fr","enabled_languages":["de","fr","en"],"languages":{"de":{"title":true,"content":true,"excerpt":false},"fr":{"title":true,"content":true,"excerpt":false},"en":{"title":true,"content":true,"excerpt":false}}},"_links":{"self":[{"href":"https:\/\/acdc-asbl.org\/fr\/wp-json\/wp\/v2\/pages\/750"}],"collection":[{"href":"https:\/\/acdc-asbl.org\/fr\/wp-json\/wp\/v2\/pages"}],"about":[{"href":"https:\/\/acdc-asbl.org\/fr\/wp-json\/wp\/v2\/types\/page"}],"author":[{"embeddable":true,"href":"https:\/\/acdc-asbl.org\/fr\/wp-json\/wp\/v2\/users\/1"}],"replies":[{"embeddable":true,"href":"https:\/\/acdc-asbl.org\/fr\/wp-json\/wp\/v2\/comments?post=750"}],"version-history":[{"count":16,"href":"https:\/\/acdc-asbl.org\/fr\/wp-json\/wp\/v2\/pages\/750\/revisions"}],"predecessor-version":[{"id":794,"href":"https:\/\/acdc-asbl.org\/fr\/wp-json\/wp\/v2\/pages\/750\/revisions\/794"}],"wp:attachment":[{"href":"https:\/\/acdc-asbl.org\/fr\/wp-json\/wp\/v2\/media?parent=750"}],"curies":[{"name":"wp","href":"https:\/\/api.w.org\/{rel}","templated":true}]}}